{"id":1924,"date":"2020-10-27T17:55:51","date_gmt":"2020-10-27T16:55:51","guid":{"rendered":"https:\/\/www.telebreuleux.ch\/?page_id=1924"},"modified":"2020-10-27T17:58:52","modified_gmt":"2020-10-27T16:58:52","slug":"horaire","status":"publish","type":"page","link":"https:\/\/telebreuleux.ch\/?page_id=1924","title":{"rendered":"Horaire"},"content":{"rendered":"\t\t<div data-elementor-type=\"wp-page\" data-elementor-id=\"1924\" class=\"elementor elementor-1924\">\n\t\t\t\t\t\t<section class=\"elementor-section elementor-top-section elementor-element elementor-element-efeef64 elementor-section-boxed elementor-section-height-default elementor-section-height-default\" data-id=\"efeef64\" data-element_type=\"section\" data-e-type=\"section\">\n\t\t\t\t\t\t<div class=\"elementor-container elementor-column-gap-default\">\n\t\t\t\t\t<div class=\"elementor-column elementor-col-100 elementor-top-column elementor-element elementor-element-12bcd35\" data-id=\"12bcd35\" data-element_type=\"column\" data-e-type=\"column\">\n\t\t\t<div class=\"elementor-widget-wrap elementor-element-populated\">\n\t\t\t\t\t\t<div class=\"elementor-element elementor-element-45b1b4d elementor-widget elementor-widget-heading\" data-id=\"45b1b4d\" data-element_type=\"widget\" data-e-type=\"widget\" data-widget_type=\"heading.default\">\n\t\t\t\t<div class=\"elementor-widget-container\">\n\t\t\t\t\t<h2 class=\"elementor-heading-title elementor-size-default\">Horaire<\/h2>\t\t\t\t<\/div>\n\t\t\t\t<\/div>\n\t\t\t\t<div class=\"elementor-element elementor-element-fbc981d elementor-widget elementor-widget-text-editor\" data-id=\"fbc981d\" data-element_type=\"widget\" data-e-type=\"widget\" data-widget_type=\"text-editor.default\">\n\t\t\t\t<div class=\"elementor-widget-container\">\n\t\t\t\t\t\t\t\t\t<table style=\"border-style: solid; border-color: #1313ed; background-color: #c7d5f0;\"><tbody><tr><td><strong>Horaire<\/strong><\/td><td>\u00a0<\/td><\/tr><tr><td>T\u00e9l\u00e9ski<\/td><td>d\u00e8s 9h00 \u00e0 16h30<\/td><\/tr><tr><td>Demi-journ\u00e9e<\/td><td>d\u00e8s 12h30<\/td><\/tr><tr><td>T\u00e9l\u00e9bob &amp; Babylift<\/td><td>d\u00e8s 10h00 \u00e0 16h00<\/td><\/tr><\/tbody><\/table>\t\t\t\t\t\t\t\t<\/div>\n\t\t\t\t<\/div>\n\t\t\t\t\t<\/div>\n\t\t<\/div>\n\t\t\t\t\t<\/div>\n\t\t<\/section>\n\t\t\t\t<\/div>\n\t\t","protected":false},"excerpt":{"rendered":"<p>Horaire Horaire \u00a0 T\u00e9l\u00e9ski d\u00e8s 9h00 \u00e0 16h30 Demi-journ\u00e9e d\u00e8s 12h30 T\u00e9l\u00e9bob &amp; Babylift d\u00e8s 10h00 \u00e0 16h00<\/p>\n","protected":false},"author":1,"featured_media":0,"parent":0,"menu_order":0,"comment_status":"closed","ping_status":"closed","template":"","meta":{"footnotes":""},"class_list":["post-1924","page","type-page","status-publish","hentry"],"_links":{"self":[{"href":"https:\/\/telebreuleux.ch\/index.php?rest_route=\/wp\/v2\/pages\/1924","targetHints":{"allow":["GET"]}}],"collection":[{"href":"https:\/\/telebreuleux.ch\/index.php?rest_route=\/wp\/v2\/pages"}],"about":[{"href":"https:\/\/telebreuleux.ch\/index.php?rest_route=\/wp\/v2\/types\/page"}],"author":[{"embeddable":true,"href":"https:\/\/telebreuleux.ch\/index.php?rest_route=\/wp\/v2\/users\/1"}],"replies":[{"embeddable":true,"href":"https:\/\/telebreuleux.ch\/index.php?rest_route=%2Fwp%2Fv2%2Fcomments&post=1924"}],"version-history":[{"count":2,"href":"https:\/\/telebreuleux.ch\/index.php?rest_route=\/wp\/v2\/pages\/1924\/revisions"}],"predecessor-version":[{"id":1926,"href":"https:\/\/telebreuleux.ch\/index.php?rest_route=\/wp\/v2\/pages\/1924\/revisions\/1926"}],"wp:attachment":[{"href":"https:\/\/telebreuleux.ch\/index.php?rest_route=%2Fwp%2Fv2%2Fmedia&parent=1924"}],"curies":[{"name":"wp","href":"https:\/\/api.w.org\/{rel}","templated":true}]}}