{"id":3004,"date":"2023-12-01T17:33:23","date_gmt":"2023-12-01T16:33:23","guid":{"rendered":"https:\/\/telebreuleux.ch\/?page_id=3004"},"modified":"2023-12-02T14:17:43","modified_gmt":"2023-12-02T13:17:43","slug":"accueil-2","status":"publish","type":"page","link":"https:\/\/telebreuleux.ch\/?page_id=3004","title":{"rendered":"Description"},"content":{"rendered":"\t\t<div data-elementor-type=\"wp-post\" data-elementor-id=\"3004\" class=\"elementor elementor-3004\">\n\t\t\t\t\t\t<section class=\"elementor-section elementor-top-section elementor-element elementor-element-d02015e elementor-section-content-space-between elementor-section-boxed elementor-section-height-default elementor-section-height-default\" data-id=\"d02015e\" data-element_type=\"section\" data-e-type=\"section\">\n\t\t\t\t\t\t<div class=\"elementor-container elementor-column-gap-default\">\n\t\t\t\t\t<div class=\"elementor-column elementor-col-100 elementor-top-column elementor-element elementor-element-eacf60f\" data-id=\"eacf60f\" data-element_type=\"column\" data-e-type=\"column\">\n\t\t\t<div class=\"elementor-widget-wrap elementor-element-populated\">\n\t\t\t\t\t\t<div class=\"elementor-element elementor-element-12fff26 elementor-widget elementor-widget-image\" data-id=\"12fff26\" data-element_type=\"widget\" data-e-type=\"widget\" data-widget_type=\"image.default\">\n\t\t\t\t<div class=\"elementor-widget-container\">\n\t\t\t\t\t\t\t\t\t\t\t\t<figure class=\"wp-caption\">\n\t\t\t\t\t\t\t\t\t\t<img fetchpriority=\"high\" decoding=\"async\" width=\"1920\" height=\"1440\" src=\"https:\/\/telebreuleux.ch\/wp-content\/uploads\/2019\/01\/2013-11-28-15.42.39.jpg\" class=\"attachment-full size-full wp-image-1025\" alt=\"\" srcset=\"https:\/\/telebreuleux.ch\/wp-content\/uploads\/2019\/01\/2013-11-28-15.42.39.jpg 1920w, https:\/\/telebreuleux.ch\/wp-content\/uploads\/2019\/01\/2013-11-28-15.42.39-300x225.jpg 300w, https:\/\/telebreuleux.ch\/wp-content\/uploads\/2019\/01\/2013-11-28-15.42.39-768x576.jpg 768w, https:\/\/telebreuleux.ch\/wp-content\/uploads\/2019\/01\/2013-11-28-15.42.39-1024x768.jpg 1024w, https:\/\/telebreuleux.ch\/wp-content\/uploads\/2019\/01\/2013-11-28-15.42.39-1200x900.jpg 1200w\" sizes=\"(max-width: 1920px) 100vw, 1920px\" \/>\t\t\t\t\t\t\t\t\t\t\t<figcaption class=\"widget-image-caption wp-caption-text\">Station de d\u00e9part<\/figcaption>\n\t\t\t\t\t\t\t\t\t\t<\/figure>\n\t\t\t\t\t\t\t\t\t<\/div>\n\t\t\t\t<\/div>\n\t\t\t\t<div class=\"elementor-element elementor-element-0da358d elementor-widget elementor-widget-text-editor\" data-id=\"0da358d\" data-element_type=\"widget\" data-e-type=\"widget\" data-widget_type=\"text-editor.default\">\n\t\t\t\t<div class=\"elementor-widget-container\">\n\t\t\t\t\t\t\t\t\t<p class=\"has-text-color\"><span style=\"font-family: arial, helvetica, sans-serif; font-size: 14pt;\"><strong>Le T\u00e9l\u00e9ski Les Breuleux SA<\/strong> est situ\u00e9 aux Franches-Montagnes, dans le Jura (Suisse). Le village des Breuleux est situ\u00e9 \u00e0 20km de la Chaux-de-Fonds, 35km de Del\u00e9mont et Bienne. Nous vous accueillons dans un cadre magnifique, situ\u00e9 \u00e0 1070m d&rsquo;altitude (station de d\u00e9part).<\/span><\/p><p class=\"has-text-color\"><span style=\"font-family: arial, helvetica, sans-serif; font-size: 14pt;\">Nos installations sont id\u00e9ales pour la pratique du ski, snowboard, bob, baby-lift, luge, bou\u00e9e et tout autre engin de glisse. Nos structures et installations sont ad\u00e9quates pour l\u2019accueil des familles et groupes scolaires. Gr\u00e2ce \u00e0 des tarifs tr\u00e8s attractifs, et une offre de prestations compl\u00e8tes, nous esp\u00e9rons r\u00e9pondre \u00e0 vos attentes.<\/span><\/p>\t\t\t\t\t\t\t\t<\/div>\n\t\t\t\t<\/div>\n\t\t\t\t<div class=\"elementor-element elementor-element-f929837 elementor-widget elementor-widget-text-editor\" data-id=\"f929837\" data-element_type=\"widget\" data-e-type=\"widget\" data-widget_type=\"text-editor.default\">\n\t\t\t\t<div class=\"elementor-widget-container\">\n\t\t\t\t\t\t\t\t\t<p class=\"has-text-color\"><span style=\"font-family: arial, helvetica, sans-serif; font-size: 14pt;\">Notre domaine skiable est adapt\u00e9 pour tous, du tr\u00e8s jeune skieur au snowboarder confirm\u00e9. Des cours individuels de ski et snowboard peuvent \u00eatre pris sur place. Vous n\u2019\u00eates pas \u00e9quip\u00e9s? Pas d\u2019inqui\u00e9tude, sur place un grand choix de mat\u00e9riel r\u00e9cent peut \u00eatre lou\u00e9.<\/span><\/p><p class=\"has-text-color\"><span style=\"font-family: arial, helvetica, sans-serif; font-size: 14pt;\">Pour vos petites et grandes faims, notre buvette offre une restauration vari\u00e9e, des produits r\u00e9gionaux de qualit\u00e9, et \u00e0 prix tr\u00e8s raisonnables. Deux salles pouvant accueillir chacune 70 personnes sont \u00e0 votre disposition.<\/span><\/p><\/div><\/div><\/div><\/div><\/div><\/section><\/div><p class=\"more-link-wrapper\"> <a href=\"https:\/\/telebreuleux.ch\/?page_id=3004\" class=\"more-link elementor-more-link\"><span aria-label=\"Poursuivre la lecture Description\">(plus\u2026)<\/span><\/a><\/p>","protected":false},"excerpt":{"rendered":"<p>Station de d\u00e9part Le T\u00e9l\u00e9ski Les Breuleux SA est situ\u00e9 aux Franches-Montagnes, dans le Jura (Suisse). Le village des Breuleux est situ\u00e9 \u00e0 20km de la Chaux-de-Fonds, 35km de Del\u00e9mont et Bienne. Nous vous accueillons dans un cadre magnifique, situ\u00e9 \u00e0 1070m d&rsquo;altitude (station de d\u00e9part). Nos installations sont id\u00e9ales&hellip;<\/p>\n<p class=\"more-link-wrapper\"><a class=\"more-link\" href=\"https:\/\/telebreuleux.ch\/?page_id=3004\">Read More<\/a><\/p>\n","protected":false},"author":1,"featured_media":0,"parent":0,"menu_order":1,"comment_status":"closed","ping_status":"closed","template":"","meta":{"footnotes":""},"class_list":["post-3004","page","type-page","status-publish","hentry"],"_links":{"self":[{"href":"https:\/\/telebreuleux.ch\/index.php?rest_route=\/wp\/v2\/pages\/3004","targetHints":{"allow":["GET"]}}],"collection":[{"href":"https:\/\/telebreuleux.ch\/index.php?rest_route=\/wp\/v2\/pages"}],"about":[{"href":"https:\/\/telebreuleux.ch\/index.php?rest_route=\/wp\/v2\/types\/page"}],"author":[{"embeddable":true,"href":"https:\/\/telebreuleux.ch\/index.php?rest_route=\/wp\/v2\/users\/1"}],"replies":[{"embeddable":true,"href":"https:\/\/telebreuleux.ch\/index.php?rest_route=%2Fwp%2Fv2%2Fcomments&post=3004"}],"version-history":[{"count":16,"href":"https:\/\/telebreuleux.ch\/index.php?rest_route=\/wp\/v2\/pages\/3004\/revisions"}],"predecessor-version":[{"id":3051,"href":"https:\/\/telebreuleux.ch\/index.php?rest_route=\/wp\/v2\/pages\/3004\/revisions\/3051"}],"wp:attachment":[{"href":"https:\/\/telebreuleux.ch\/index.php?rest_route=%2Fwp%2Fv2%2Fmedia&parent=3004"}],"curies":[{"name":"wp","href":"https:\/\/api.w.org\/{rel}","templated":true}]}}