{"id":3034,"date":"2023-12-02T13:55:29","date_gmt":"2023-12-02T12:55:29","guid":{"rendered":"https:\/\/telebreuleux.ch\/?page_id=3034"},"modified":"2023-12-02T14:43:14","modified_gmt":"2023-12-02T13:43:14","slug":"beschreibung","status":"publish","type":"page","link":"https:\/\/telebreuleux.ch\/?page_id=3034&lang=de","title":{"rendered":"Beschreibung"},"content":{"rendered":"\t\t<div data-elementor-type=\"wp-post\" data-elementor-id=\"3034\" class=\"elementor elementor-3034\">\n\t\t\t\t\t\t<section class=\"elementor-section elementor-top-section elementor-element elementor-element-d02015e elementor-section-content-space-between elementor-section-boxed elementor-section-height-default elementor-section-height-default\" data-id=\"d02015e\" data-element_type=\"section\" data-e-type=\"section\">\n\t\t\t\t\t\t<div class=\"elementor-container elementor-column-gap-default\">\n\t\t\t\t\t<div class=\"elementor-column elementor-col-100 elementor-top-column elementor-element elementor-element-eacf60f\" data-id=\"eacf60f\" data-element_type=\"column\" data-e-type=\"column\">\n\t\t\t<div class=\"elementor-widget-wrap elementor-element-populated\">\n\t\t\t\t\t\t<div class=\"elementor-element elementor-element-12fff26 elementor-widget elementor-widget-image\" data-id=\"12fff26\" data-element_type=\"widget\" data-e-type=\"widget\" data-widget_type=\"image.default\">\n\t\t\t\t<div class=\"elementor-widget-container\">\n\t\t\t\t\t\t\t\t\t\t\t\t<figure class=\"wp-caption\">\n\t\t\t\t\t\t\t\t\t\t<img fetchpriority=\"high\" decoding=\"async\" width=\"1920\" height=\"1440\" src=\"https:\/\/telebreuleux.ch\/wp-content\/uploads\/2019\/01\/2013-11-28-15.42.39.jpg\" class=\"attachment-full size-full wp-image-1025\" alt=\"\" srcset=\"https:\/\/telebreuleux.ch\/wp-content\/uploads\/2019\/01\/2013-11-28-15.42.39.jpg 1920w, https:\/\/telebreuleux.ch\/wp-content\/uploads\/2019\/01\/2013-11-28-15.42.39-300x225.jpg 300w, https:\/\/telebreuleux.ch\/wp-content\/uploads\/2019\/01\/2013-11-28-15.42.39-768x576.jpg 768w, https:\/\/telebreuleux.ch\/wp-content\/uploads\/2019\/01\/2013-11-28-15.42.39-1024x768.jpg 1024w, https:\/\/telebreuleux.ch\/wp-content\/uploads\/2019\/01\/2013-11-28-15.42.39-1200x900.jpg 1200w\" sizes=\"(max-width: 1920px) 100vw, 1920px\" \/>\t\t\t\t\t\t\t\t\t\t\t<figcaption class=\"widget-image-caption wp-caption-text\">Abfahrtsstation<\/figcaption>\n\t\t\t\t\t\t\t\t\t\t<\/figure>\n\t\t\t\t\t\t\t\t\t<\/div>\n\t\t\t\t<\/div>\n\t\t\t\t<div class=\"elementor-element elementor-element-0da358d elementor-widget elementor-widget-text-editor\" data-id=\"0da358d\" data-element_type=\"widget\" data-e-type=\"widget\" data-widget_type=\"text-editor.default\">\n\t\t\t\t<div class=\"elementor-widget-container\">\n\t\t\t\t\t\t\t\t\t<p><\/p>\n<p><\/p>\n<p><span style=\"font-family: arial, helvetica, sans-serif; font-size: 14pt;\"><strong>Der Skilift Les Breuleux<\/strong> befindet sich in den Freibergen im Kanton Jura (Schweiz). Les Breuleux liegt 20km von La Chaux-de-Fonds entfernt. Bis Biel oder Del\u00e9mont sind es 35km. Auf 1070m bietet sich ein herrlicher Blick auf die Juralandschaft.<\/span><\/p>\n<p><span style=\"font-family: arial, helvetica, sans-serif; font-size: 14pt;\">Neben idealen Bedingungen f\u00fcr Skifahrer und Snowboarder, bieten sich viele andere M\u00f6glichkeiten des Wintersports, wie Bobfahren oder Schlittenfahren. Den Babylift bieten wir ganz speziell f\u00fcr unsere kleinen G\u00e4ste. F\u00fcr Schulklassen und Familien halten wir besondere Angebote bereit. ( <span class=\"tlid-translation translation\"><span class=\"\" title=\"\">Schauen Sie<\/span><\/span> unsere Preise an )<\/span><\/p>\n<p>\u00a0<\/p>\n<p><\/p>\t\t\t\t\t\t\t\t<\/div>\n\t\t\t\t<\/div>\n\t\t\t\t<div class=\"elementor-element elementor-element-f929837 elementor-widget elementor-widget-text-editor\" data-id=\"f929837\" data-element_type=\"widget\" data-e-type=\"widget\" data-widget_type=\"text-editor.default\">\n\t\t\t\t<div class=\"elementor-widget-container\">\n\t\t\t\t\t\t\t\t\t<p><\/p>\n<p><\/p>\n<p><span style=\"font-family: arial, helvetica, sans-serif; font-size: 14pt;\">\u00a0Das ideale Skigebiet\u00a0 f\u00fcr gross und klein, f\u00fcr Anf\u00e4nger und Fortgeschrittene, f\u00fcr Skifahrer und Snowboarder.<\/span><\/p>\n<p><span style=\"font-family: arial, helvetica, sans-serif; font-size: 14pt;\">Kurse k\u00f6nnen vor Ort reserviert werden . Ski, Snowboard und sonstige Wintersportausr\u00fcstung k\u00f6nnen Sie bei uns g\u00fcnstig mieten. In unserem Restaurante werden Sie culinarisch verw\u00f6hnt. Wir bieten f\u00fcr unsere Region typische Menus an , die wir mit Produkten aus der Umgebung zubereiten. Wir verf\u00fcgen \u00fcber zwei Speises\u00e4\u00e4le , die f\u00fcr jeweils 70 Personen Platz bieten , sowie 3 Schlafs\u00e4\u00e4le f\u00fcr insgesamt 85 Personenen.\u00a0 (Reservierung notwendig).<\/span><\/p>\n<p><span style=\"font-family: arial, helvetica, sans-serif; font-size: 14pt;\">Wir freuen uns auf Ihren Besuch.<\/span><\/p>\n<p><\/p>\t\t\t\t\t\t\t\t<\/div>\n\t\t\t\t<\/div>\n\t\t\t\t\t<\/div>\n\t\t<\/div>\n\t\t\t\t\t<\/div>\n\t\t<\/section>\n\t\t\t\t<section class=\"elementor-section elementor-top-section elementor-element elementor-element-6450af73 elementor-section-content-middle elementor-section-full_width elementor-section-height-default elementor-section-height-default\" data-id=\"6450af73\" data-element_type=\"section\" data-e-type=\"section\">\n\t\t\t\t\t\t<div class=\"elementor-container elementor-column-gap-no\">\n\t\t\t\t\t<div class=\"elementor-column elementor-col-100 elementor-top-column elementor-element elementor-element-14227d1\" data-id=\"14227d1\" data-element_type=\"column\" data-e-type=\"column\">\n\t\t\t<div class=\"elementor-widget-wrap elementor-element-populated\">\n\t\t\t\t\t\t<div class=\"elementor-element elementor-element-91f3802 elementor-widget elementor-widget-wp-widget-metaslider_widget\" data-id=\"91f3802\" data-element_type=\"widget\" data-e-type=\"widget\" data-settings=\"{&quot;_animation&quot;:&quot;none&quot;}\" data-widget_type=\"wp-widget-metaslider_widget.default\">\n\t\t\t\t<div class=\"elementor-widget-container\">\n\t\t\t\t\t<div id=\"metaslider-id-400\" style=\"width: 100%; margin: 0 auto;\" class=\"ml-slider-3-108-0 metaslider metaslider-flex metaslider-400 ml-slider has-dots-nav ms-theme-default\" role=\"region\" aria-label=\"Diaporama1\" data-height=\"600\" data-width=\"800\">\n    <div id=\"metaslider_container_400\">\n        <div id=\"metaslider_400\">\n            <ul class='slides'>\n                <li style=\"display: block; width: 100%;\" class=\"slide-2447 ms-image \" aria-roledescription=\"slide\" data-date=\"2021-01-16 17:38:45\" data-filename=\"DSC05434-scaled-800x600.webp\" data-slide-type=\"image\"><img decoding=\"async\" src=\"https:\/\/telebreuleux.ch\/wp-content\/uploads\/2021\/01\/DSC05434-scaled-800x600.webp\" height=\"600\" width=\"800\" alt=\"\" class=\"slider-400 slide-2447 msDefaultImage\" title=\"DSC05434\" \/><\/li>\n                <li style=\"display: none; width: 100%;\" class=\"slide-2445 ms-image \" aria-roledescription=\"slide\" data-date=\"2021-01-16 17:34:06\" data-filename=\"55543f3c-e33b-47b9-9893-7fbb78de70fa-800x600.webp\" data-slide-type=\"image\"><img decoding=\"async\" src=\"https:\/\/telebreuleux.ch\/wp-content\/uploads\/2021\/12\/55543f3c-e33b-47b9-9893-7fbb78de70fa-800x600.webp\" height=\"600\" width=\"800\" alt=\"\" class=\"slider-400 slide-2445 msDefaultImage\" title=\"55543f3c-e33b-47b9-9893-7fbb78de70fa\" \/><\/li>\n                <li style=\"display: none; width: 100%;\" class=\"slide-2315 ms-image \" aria-roledescription=\"slide\" data-date=\"2021-01-13 17:36:36\" data-filename=\"645349-800x600.webp\" data-slide-type=\"image\"><img loading=\"lazy\" decoding=\"async\" src=\"https:\/\/telebreuleux.ch\/wp-content\/uploads\/2021\/01\/645349-800x600.webp\" height=\"600\" width=\"800\" alt=\"\" class=\"slider-400 slide-2315 msDefaultImage\" title=\"T\u00e9l\u00e9bob\" \/><div class=\"caption-wrap\"><div class=\"caption\">Photo : RFJ, Georges Henz.<\/div><\/div><\/li>\n                <li style=\"display: none; width: 100%;\" class=\"slide-404 ms-image \" aria-roledescription=\"slide\" data-date=\"2018-12-22 11:40:49\" data-filename=\"DSC00006-800x600.jpg\" data-slide-type=\"image\"><img loading=\"lazy\" decoding=\"async\" src=\"https:\/\/telebreuleux.ch\/wp-content\/uploads\/2020\/02\/DSC00006-800x600.jpg\" height=\"600\" width=\"800\" alt=\"\" class=\"slider-400 slide-404 msDefaultImage\" title=\"Start\" \/><\/li>\n                <li style=\"display: none; width: 100%;\" class=\"slide-2280 ms-image \" aria-roledescription=\"slide\" data-date=\"2021-01-04 19:59:49\" data-filename=\"0a4fe27f-d9ed-4f77-9747-be0380e61cd3-800x600.jpg\" data-slide-type=\"image\"><img loading=\"lazy\" decoding=\"async\" src=\"https:\/\/telebreuleux.ch\/wp-content\/uploads\/2021\/01\/0a4fe27f-d9ed-4f77-9747-be0380e61cd3-800x600.jpg\" height=\"600\" width=\"800\" alt=\"\" class=\"slider-400 slide-2280 msDefaultImage\" title=\"0a4fe27f-d9ed-4f77-9747-be0380e61cd3\" \/><\/li>\n                <li style=\"display: none; width: 100%;\" class=\"slide-2305 ms-image \" aria-roledescription=\"slide\" data-date=\"2021-01-10 16:58:37\" data-filename=\"342a0ac9-b637-4e79-8f21-9e524904b96b-800x600.jpg\" data-slide-type=\"image\"><img loading=\"lazy\" decoding=\"async\" src=\"https:\/\/telebreuleux.ch\/wp-content\/uploads\/2021\/01\/342a0ac9-b637-4e79-8f21-9e524904b96b-800x600.jpg\" height=\"600\" width=\"800\" alt=\"\" class=\"slider-400 slide-2305 msDefaultImage\" title=\"En haut des pistes\" \/><\/li>\n                <li style=\"display: none; width: 100%;\" class=\"slide-2316 ms-image \" aria-roledescription=\"slide\" data-date=\"2021-01-13 17:39:03\" data-filename=\"645356-800x600.webp\" data-slide-type=\"image\"><img loading=\"lazy\" decoding=\"async\" src=\"https:\/\/telebreuleux.ch\/wp-content\/uploads\/2021\/01\/645356-800x600.webp\" height=\"600\" width=\"800\" alt=\"\" class=\"slider-400 slide-2316 msDefaultImage\" title=\"Au d\u00e9part\" \/><div class=\"caption-wrap\"><div class=\"caption\">Photo : RFJ, Georges Henz.<\/div><\/div><\/li>\n            <\/ul>\n        <\/div>\n        \n    <\/div>\n<\/div>\t\t\t\t<\/div>\n\t\t\t\t<\/div>\n\t\t\t\t\t<\/div>\n\t\t<\/div>\n\t\t\t\t\t<\/div>\n\t\t<\/section>\n\t\t\t\t<section class=\"elementor-section elementor-top-section elementor-element elementor-element-7de9bcf elementor-section-boxed elementor-section-height-default elementor-section-height-default\" data-id=\"7de9bcf\" data-element_type=\"section\" data-e-type=\"section\">\n\t\t\t\t\t\t<div class=\"elementor-container elementor-column-gap-default\">\n\t\t\t\t\t<div class=\"elementor-column elementor-col-100 elementor-top-column elementor-element elementor-element-e923390\" data-id=\"e923390\" data-element_type=\"column\" data-e-type=\"column\">\n\t\t\t<div class=\"elementor-widget-wrap\">\n\t\t\t\t\t\t\t<\/div>\n\t\t<\/div>\n\t\t\t\t\t<\/div>\n\t\t<\/section>\n\t\t\t\t<\/div>\n\t\t","protected":false},"excerpt":{"rendered":"<p>Abfahrtsstation Der Skilift Les Breuleux befindet sich in den Freibergen im Kanton Jura (Schweiz). Les Breuleux liegt 20km von La Chaux-de-Fonds entfernt. Bis Biel oder Del\u00e9mont sind es 35km. Auf 1070m bietet sich ein herrlicher Blick auf die Juralandschaft. Neben idealen Bedingungen f\u00fcr Skifahrer und Snowboarder, bieten sich viele andere&hellip;<\/p>\n<p class=\"more-link-wrapper\"><a class=\"more-link\" href=\"https:\/\/telebreuleux.ch\/?page_id=3034&#038;lang=de\">Read More<\/a><\/p>\n","protected":false},"author":1,"featured_media":0,"parent":0,"menu_order":1,"comment_status":"closed","ping_status":"closed","template":"","meta":{"footnotes":""},"class_list":["post-3034","page","type-page","status-publish","hentry"],"_links":{"self":[{"href":"https:\/\/telebreuleux.ch\/index.php?rest_route=\/wp\/v2\/pages\/3034","targetHints":{"allow":["GET"]}}],"collection":[{"href":"https:\/\/telebreuleux.ch\/index.php?rest_route=\/wp\/v2\/pages"}],"about":[{"href":"https:\/\/telebreuleux.ch\/index.php?rest_route=\/wp\/v2\/types\/page"}],"author":[{"embeddable":true,"href":"https:\/\/telebreuleux.ch\/index.php?rest_route=\/wp\/v2\/users\/1"}],"replies":[{"embeddable":true,"href":"https:\/\/telebreuleux.ch\/index.php?rest_route=%2Fwp%2Fv2%2Fcomments&post=3034"}],"version-history":[{"count":10,"href":"https:\/\/telebreuleux.ch\/index.php?rest_route=\/wp\/v2\/pages\/3034\/revisions"}],"predecessor-version":[{"id":3064,"href":"https:\/\/telebreuleux.ch\/index.php?rest_route=\/wp\/v2\/pages\/3034\/revisions\/3064"}],"wp:attachment":[{"href":"https:\/\/telebreuleux.ch\/index.php?rest_route=%2Fwp%2Fv2%2Fmedia&parent=3034"}],"curies":[{"name":"wp","href":"https:\/\/api.w.org\/{rel}","templated":true}]}}