{"id":468,"date":"2018-12-23T08:39:17","date_gmt":"2018-12-23T07:39:17","guid":{"rendered":"https:\/\/www.telebreuleux.ch\/?page_id=468"},"modified":"2026-03-11T07:59:59","modified_gmt":"2026-03-11T06:59:59","slug":"cours-de-ski","status":"publish","type":"page","link":"https:\/\/telebreuleux.ch\/?page_id=468","title":{"rendered":"Cours de ski"},"content":{"rendered":"\n<h2 class=\"wp-block-heading\"> COURS DE SKI INDIVIDUEL : <\/h2>\n\n\n<div class=\"wp-block-image\">\n<figure class=\"aligncenter size-large is-resized\"><img fetchpriority=\"high\" decoding=\"async\" width=\"745\" height=\"1024\" src=\"https:\/\/telebreuleux.ch\/wp-content\/uploads\/2025\/01\/scandia-gnome-g3745f2f0e_1920-745x1024.png\" alt=\"\" class=\"wp-image-3537\" style=\"width:154px;height:auto\" srcset=\"https:\/\/telebreuleux.ch\/wp-content\/uploads\/2025\/01\/scandia-gnome-g3745f2f0e_1920-745x1024.png 745w, https:\/\/telebreuleux.ch\/wp-content\/uploads\/2025\/01\/scandia-gnome-g3745f2f0e_1920-218x300.png 218w, https:\/\/telebreuleux.ch\/wp-content\/uploads\/2025\/01\/scandia-gnome-g3745f2f0e_1920-768x1056.png 768w, https:\/\/telebreuleux.ch\/wp-content\/uploads\/2025\/01\/scandia-gnome-g3745f2f0e_1920-1118x1536.png 1118w, https:\/\/telebreuleux.ch\/wp-content\/uploads\/2025\/01\/scandia-gnome-g3745f2f0e_1920-1200x1649.png 1200w, https:\/\/telebreuleux.ch\/wp-content\/uploads\/2025\/01\/scandia-gnome-g3745f2f0e_1920.png 1397w\" sizes=\"(max-width: 745px) 100vw, 745px\" \/><\/figure>\n<\/div>\n\n\n\n\n<p>Le T\u00e9l\u00e9ski les Breuleux SA ne prend pas en charge de cours de ski \u00e0 proprement dit. Nous poss\u00e9dons les coordonn\u00e9es de personnes qui interviennent \u00e0 titre priv\u00e9. Veuillez vous renseigner \u00e0 la caisse.<\/p>\n","protected":false},"excerpt":{"rendered":"<p>COURS DE SKI INDIVIDUEL : Le T\u00e9l\u00e9ski les Breuleux SA ne prend pas en charge de cours de ski \u00e0 proprement dit. Nous poss\u00e9dons les coordonn\u00e9es de personnes qui interviennent \u00e0 titre priv\u00e9. Veuillez vous renseigner \u00e0 la caisse.<\/p>\n","protected":false},"author":1,"featured_media":0,"parent":0,"menu_order":0,"comment_status":"closed","ping_status":"closed","template":"","meta":{"footnotes":""},"class_list":["post-468","page","type-page","status-publish","hentry"],"_links":{"self":[{"href":"https:\/\/telebreuleux.ch\/index.php?rest_route=\/wp\/v2\/pages\/468","targetHints":{"allow":["GET"]}}],"collection":[{"href":"https:\/\/telebreuleux.ch\/index.php?rest_route=\/wp\/v2\/pages"}],"about":[{"href":"https:\/\/telebreuleux.ch\/index.php?rest_route=\/wp\/v2\/types\/page"}],"author":[{"embeddable":true,"href":"https:\/\/telebreuleux.ch\/index.php?rest_route=\/wp\/v2\/users\/1"}],"replies":[{"embeddable":true,"href":"https:\/\/telebreuleux.ch\/index.php?rest_route=%2Fwp%2Fv2%2Fcomments&post=468"}],"version-history":[{"count":18,"href":"https:\/\/telebreuleux.ch\/index.php?rest_route=\/wp\/v2\/pages\/468\/revisions"}],"predecessor-version":[{"id":3647,"href":"https:\/\/telebreuleux.ch\/index.php?rest_route=\/wp\/v2\/pages\/468\/revisions\/3647"}],"wp:attachment":[{"href":"https:\/\/telebreuleux.ch\/index.php?rest_route=%2Fwp%2Fv2%2Fmedia&parent=468"}],"curies":[{"name":"wp","href":"https:\/\/api.w.org\/{rel}","templated":true}]}}