{"id":471,"date":"2018-12-23T08:41:56","date_gmt":"2018-12-23T07:41:56","guid":{"rendered":"https:\/\/www.telebreuleux.ch\/?page_id=471"},"modified":"2019-01-07T20:13:06","modified_gmt":"2019-01-07T19:13:06","slug":"buvette-2","status":"publish","type":"page","link":"https:\/\/telebreuleux.ch\/?page_id=471","title":{"rendered":"Buvette"},"content":{"rendered":"\t\t<div data-elementor-type=\"wp-post\" data-elementor-id=\"471\" class=\"elementor elementor-471 elementor-bc-flex-widget\">\n\t\t\t\t\t\t<section class=\"elementor-section elementor-top-section elementor-element elementor-element-ae571dc elementor-section-boxed elementor-section-height-default elementor-section-height-default\" data-id=\"ae571dc\" data-element_type=\"section\" data-e-type=\"section\">\n\t\t\t\t\t\t<div class=\"elementor-container elementor-column-gap-default\">\n\t\t\t\t\t<div class=\"elementor-column elementor-col-100 elementor-top-column elementor-element elementor-element-ab575a8\" data-id=\"ab575a8\" data-element_type=\"column\" data-e-type=\"column\">\n\t\t\t<div class=\"elementor-widget-wrap elementor-element-populated\">\n\t\t\t\t\t\t<section class=\"elementor-section elementor-inner-section elementor-element elementor-element-d3eb098 elementor-section-boxed elementor-section-height-default elementor-section-height-default\" data-id=\"d3eb098\" data-element_type=\"section\" data-e-type=\"section\">\n\t\t\t\t\t\t<div class=\"elementor-container elementor-column-gap-default\">\n\t\t\t\t\t<div class=\"elementor-column elementor-col-50 elementor-inner-column elementor-element elementor-element-5858fb3\" data-id=\"5858fb3\" data-element_type=\"column\" data-e-type=\"column\">\n\t\t\t<div class=\"elementor-widget-wrap elementor-element-populated\">\n\t\t\t\t\t\t<div class=\"elementor-element elementor-element-3885170 elementor-widget elementor-widget-text-editor\" data-id=\"3885170\" data-element_type=\"widget\" data-e-type=\"widget\" data-widget_type=\"text-editor.default\">\n\t\t\t\t<div class=\"elementor-widget-container\">\n\t\t\t\t\t\t\t\t\t<p>Nos locaux accueillants vous permettront de vous d\u00e9salt\u00e9rer, de vous restaurer et de passer un moment dans une ambiance conviviale.<\/p><p>Pendant l&rsquo;\u00e9t\u00e9, il est possible de louer ces locaux. (voir buvette en \u00e9t\u00e9)<\/p>\t\t\t\t\t\t\t\t<\/div>\n\t\t\t\t<\/div>\n\t\t\t\t\t<\/div>\n\t\t<\/div>\n\t\t\t\t<div class=\"elementor-column elementor-col-50 elementor-inner-column elementor-element elementor-element-6751fce\" data-id=\"6751fce\" data-element_type=\"column\" data-e-type=\"column\">\n\t\t\t<div class=\"elementor-widget-wrap elementor-element-populated\">\n\t\t\t\t\t\t<div class=\"elementor-element elementor-element-f41b88b elementor-widget elementor-widget-wp-widget-metaslider_widget\" data-id=\"f41b88b\" data-element_type=\"widget\" data-e-type=\"widget\" data-widget_type=\"wp-widget-metaslider_widget.default\">\n\t\t\t\t<div class=\"elementor-widget-container\">\n\t\t\t\t\t<h5>Buvette<\/h5><div id=\"metaslider-id-692\" style=\"max-width: 800px;\" class=\"ml-slider-3-108-0 metaslider metaslider-flex metaslider-692 ml-slider has-dots-nav ms-theme-default\" role=\"region\" aria-label=\"Buvette\" data-height=\"600\" data-width=\"800\">\n    <div id=\"metaslider_container_692\">\n        <div id=\"metaslider_692\">\n            <ul class='slides'>\n                <li style=\"display: block; width: 100%;\" class=\"slide-714 ms-image \" aria-roledescription=\"slide\" data-date=\"2018-12-26 10:45:47\" data-filename=\"ib_p005_0_4-336x252.jpg\" data-slide-type=\"image\"><img fetchpriority=\"high\" decoding=\"async\" src=\"https:\/\/telebreuleux.ch\/wp-content\/uploads\/2018\/12\/ib_p005_0_4-336x252.jpg\" height=\"600\" width=\"800\" alt=\"\" class=\"slider-692 slide-714 msDefaultImage\" title=\"Salle Buvette\" \/><\/li>\n                <li style=\"display: none; width: 100%;\" class=\"slide-716 ms-image \" aria-roledescription=\"slide\" data-date=\"2018-12-26 10:46:17\" data-filename=\"ib_p005_0_2-378x284.jpg\" data-slide-type=\"image\"><img decoding=\"async\" src=\"https:\/\/telebreuleux.ch\/wp-content\/uploads\/2018\/12\/ib_p005_0_2-378x284.jpg\" height=\"600\" width=\"800\" alt=\"\" class=\"slider-692 slide-716 msDefaultImage\" title=\"Buvette\" \/><\/li>\n                <li style=\"display: none; width: 100%;\" class=\"slide-718 ms-image \" aria-roledescription=\"slide\" data-date=\"2018-12-26 10:46:54\" data-filename=\"ib_p001_0_5-2-378x284.jpg\" data-slide-type=\"image\"><img decoding=\"async\" src=\"https:\/\/telebreuleux.ch\/wp-content\/uploads\/2018\/12\/ib_p001_0_5-2-378x284.jpg\" height=\"600\" width=\"800\" alt=\"\" class=\"slider-692 slide-718 msDefaultImage\" title=\"Buvette et piste Telebob &amp; Babylift\" \/><\/li>\n                <li style=\"display: none; width: 100%;\" class=\"slide-765 ms-image \" aria-roledescription=\"slide\" data-date=\"2018-12-26 13:23:19\" data-filename=\"P1020154.jpg\" data-slide-type=\"image\"><img loading=\"lazy\" decoding=\"async\" src=\"https:\/\/telebreuleux.ch\/wp-content\/uploads\/2018\/12\/P1020154.jpg\" height=\"600\" width=\"800\" alt=\"\" class=\"slider-692 slide-765 msDefaultImage\" title=\"Buvette\" \/><\/li>\n                <li style=\"display: none; width: 100%;\" class=\"slide-767 ms-image \" aria-roledescription=\"slide\" data-date=\"2018-12-26 13:23:34\" data-filename=\"P1020153-800x600.jpg\" data-slide-type=\"image\"><img loading=\"lazy\" decoding=\"async\" src=\"https:\/\/telebreuleux.ch\/wp-content\/uploads\/2018\/12\/P1020153-800x600.jpg\" height=\"600\" width=\"800\" alt=\"\" class=\"slider-692 slide-767 msDefaultImage\" title=\"Buvette\" \/><\/li>\n            <\/ul>\n        <\/div>\n        \n    <\/div>\n<\/div>\t\t\t\t<\/div>\n\t\t\t\t<\/div>\n\t\t\t\t\t<\/div>\n\t\t<\/div>\n\t\t\t\t\t<\/div>\n\t\t<\/section>\n\t\t\t\t\t<\/div>\n\t\t<\/div>\n\t\t\t\t\t<\/div>\n\t\t<\/section>\n\t\t\t\t<\/div>\n\t\t","protected":false},"excerpt":{"rendered":"<p>Nos locaux accueillants vous permettront de vous d\u00e9salt\u00e9rer, de vous restaurer et de passer un moment dans une ambiance conviviale. Pendant l&rsquo;\u00e9t\u00e9, il est possible de louer ces locaux. (voir buvette en \u00e9t\u00e9)<\/p>\n","protected":false},"author":1,"featured_media":0,"parent":0,"menu_order":0,"comment_status":"closed","ping_status":"closed","template":"","meta":{"footnotes":""},"class_list":["post-471","page","type-page","status-publish","hentry"],"_links":{"self":[{"href":"https:\/\/telebreuleux.ch\/index.php?rest_route=\/wp\/v2\/pages\/471","targetHints":{"allow":["GET"]}}],"collection":[{"href":"https:\/\/telebreuleux.ch\/index.php?rest_route=\/wp\/v2\/pages"}],"about":[{"href":"https:\/\/telebreuleux.ch\/index.php?rest_route=\/wp\/v2\/types\/page"}],"author":[{"embeddable":true,"href":"https:\/\/telebreuleux.ch\/index.php?rest_route=\/wp\/v2\/users\/1"}],"replies":[{"embeddable":true,"href":"https:\/\/telebreuleux.ch\/index.php?rest_route=%2Fwp%2Fv2%2Fcomments&post=471"}],"version-history":[{"count":13,"href":"https:\/\/telebreuleux.ch\/index.php?rest_route=\/wp\/v2\/pages\/471\/revisions"}],"predecessor-version":[{"id":1036,"href":"https:\/\/telebreuleux.ch\/index.php?rest_route=\/wp\/v2\/pages\/471\/revisions\/1036"}],"wp:attachment":[{"href":"https:\/\/telebreuleux.ch\/index.php?rest_route=%2Fwp%2Fv2%2Fmedia&parent=471"}],"curies":[{"name":"wp","href":"https:\/\/api.w.org\/{rel}","templated":true}]}}