{"id":477,"date":"2018-12-23T08:46:28","date_gmt":"2018-12-23T07:46:28","guid":{"rendered":"https:\/\/www.telebreuleux.ch\/?page_id=477"},"modified":"2018-12-26T15:28:11","modified_gmt":"2018-12-26T14:28:11","slug":"airboard","status":"publish","type":"page","link":"https:\/\/telebreuleux.ch\/?page_id=477","title":{"rendered":"Airboard"},"content":{"rendered":"\t\t<div data-elementor-type=\"wp-post\" data-elementor-id=\"477\" class=\"elementor elementor-477 elementor-bc-flex-widget\">\n\t\t\t\t\t\t<section class=\"elementor-section elementor-top-section elementor-element elementor-element-5f8582d elementor-section-boxed elementor-section-height-default elementor-section-height-default\" data-id=\"5f8582d\" data-element_type=\"section\" data-e-type=\"section\">\n\t\t\t\t\t\t<div class=\"elementor-container elementor-column-gap-default\">\n\t\t\t\t\t<div class=\"elementor-column elementor-col-100 elementor-top-column elementor-element elementor-element-4b61615\" data-id=\"4b61615\" data-element_type=\"column\" data-e-type=\"column\">\n\t\t\t<div class=\"elementor-widget-wrap elementor-element-populated\">\n\t\t\t\t\t\t<section class=\"elementor-section elementor-inner-section elementor-element elementor-element-5b9ed0c elementor-section-boxed elementor-section-height-default elementor-section-height-default\" data-id=\"5b9ed0c\" data-element_type=\"section\" data-e-type=\"section\">\n\t\t\t\t\t\t<div class=\"elementor-container elementor-column-gap-default\">\n\t\t\t\t\t<div class=\"elementor-column elementor-col-50 elementor-inner-column elementor-element elementor-element-28fbccf\" data-id=\"28fbccf\" data-element_type=\"column\" data-e-type=\"column\">\n\t\t\t<div class=\"elementor-widget-wrap elementor-element-populated\">\n\t\t\t\t\t\t<div class=\"elementor-element elementor-element-67c8f00 elementor-widget elementor-widget-text-editor\" data-id=\"67c8f00\" data-element_type=\"widget\" data-e-type=\"widget\" data-widget_type=\"text-editor.default\">\n\t\t\t\t<div class=\"elementor-widget-container\">\n\t\t\t\t\t\t\t\t\t<p><span style=\"color: #000000;\"><strong><span style=\"font-size: 14pt;\">Prix de location airboard \/ casque \/ coudi\u00e8res<\/span><\/strong><\/span><\/p><table style=\"height: 63px; width: 459px; border-style: solid; border-color: #000000;\"><tbody><tr style=\"height: 21px;\"><td style=\"width: 89.25px; height: 21px;\"><span style=\"color: #000000;\">1 jour<\/span><\/td><td style=\"width: 242.583px; height: 21px;\">\u00a0<\/td><td style=\"width: 51.1667px; text-align: right; height: 21px;\"><span style=\"color: #000000;\">20.00<\/span><\/td><\/tr><tr style=\"height: 21px;\"><td style=\"width: 89.25px; height: 21px;\"><span style=\"color: #000000;\">1\/2 jour<\/span><\/td><td style=\"width: 242.583px; height: 21px;\"><span style=\"color: #000000;\">de 09h00 &#8211; 12h30<\/span><\/td><td style=\"width: 51.1667px; text-align: right; height: 21px;\"><span style=\"color: #000000;\">12.00<\/span><\/td><\/tr><tr style=\"height: 21px;\"><td style=\"width: 89.25px; height: 21px;\"><span style=\"color: #000000;\">1\/2 jour<\/span><\/td><td style=\"width: 242.583px; height: 21px;\"><span style=\"color: #000000;\">de 12h30 &#8211; 16h30<\/span><\/td><td style=\"width: 51.1667px; text-align: right; height: 21px;\"><span style=\"color: #000000;\">12.00<\/span><\/td><\/tr><\/tbody><\/table>\t\t\t\t\t\t\t\t<\/div>\n\t\t\t\t<\/div>\n\t\t\t\t\t<\/div>\n\t\t<\/div>\n\t\t\t\t<div class=\"elementor-column elementor-col-50 elementor-inner-column elementor-element elementor-element-cb6ee0f\" data-id=\"cb6ee0f\" data-element_type=\"column\" data-e-type=\"column\">\n\t\t\t<div class=\"elementor-widget-wrap elementor-element-populated\">\n\t\t\t\t\t\t<div class=\"elementor-element elementor-element-61dd2e5 elementor-widget elementor-widget-text-editor\" data-id=\"61dd2e5\" data-element_type=\"widget\" data-e-type=\"widget\" data-widget_type=\"text-editor.default\">\n\t\t\t\t<div class=\"elementor-widget-container\">\n\t\t\t\t\t\t\t\t\t<p><span style=\"color: #000000;\">Une caution de CHF 50.00 sera rembours\u00e9e au retour du mat\u00e9riel en bon \u00e9tat.<\/span><\/p><p><span style=\"color: #ff0000;\">Sont autoris\u00e9s \u00e0 pratiquer l&rsquo;airboard :<\/span><\/p><ul style=\"list-style-type: disc;\"><li><span style=\"color: #ff0000;\">les jeunes d\u00e8s 12 ans accompagn\u00e9s d&rsquo;un adulte<\/span><\/li><li><span style=\"color: #ff0000;\">les personnes \u00e2g\u00e9es de 16 ans et plus<\/span><\/li><\/ul><p><span style=\"color: #000000;\">Carte d&rsquo;identit\u00e9 ou passeport valable \u00e0 pr\u00e9senter.<\/span><\/p><p><span style=\"color: #ff0000;\">Casque obligatoire.<\/span><\/p><p><span style=\"color: #ff0000;\"><strong>La pratique de l&rsquo;airboard est autoris\u00e9e uniquement sur la piste r\u00e9serv\u00e9e \u00e0 cet effet.<\/strong><\/span><\/p>\t\t\t\t\t\t\t\t<\/div>\n\t\t\t\t<\/div>\n\t\t\t\t\t<\/div>\n\t\t<\/div>\n\t\t\t\t\t<\/div>\n\t\t<\/section>\n\t\t\t\t<div class=\"elementor-element elementor-element-ec471b5 elementor-widget elementor-widget-image\" data-id=\"ec471b5\" data-element_type=\"widget\" data-e-type=\"widget\" data-widget_type=\"image.default\">\n\t\t\t\t<div class=\"elementor-widget-container\">\n\t\t\t\t\t\t\t\t\t\t\t\t\t\t\t<img fetchpriority=\"high\" decoding=\"async\" width=\"600\" height=\"394\" src=\"https:\/\/telebreuleux.ch\/wp-content\/uploads\/2018\/12\/airboard-2.jpg\" class=\"attachment-large size-large wp-image-796\" alt=\"\" srcset=\"https:\/\/telebreuleux.ch\/wp-content\/uploads\/2018\/12\/airboard-2.jpg 600w, https:\/\/telebreuleux.ch\/wp-content\/uploads\/2018\/12\/airboard-2-300x197.jpg 300w\" sizes=\"(max-width: 600px) 100vw, 600px\" \/>\t\t\t\t\t\t\t\t\t\t\t\t\t\t\t<\/div>\n\t\t\t\t<\/div>\n\t\t\t\t\t<\/div>\n\t\t<\/div>\n\t\t\t\t\t<\/div>\n\t\t<\/section>\n\t\t\t\t<\/div>\n\t\t","protected":false},"excerpt":{"rendered":"<p>Prix de location airboard \/ casque \/ coudi\u00e8res 1 jour &nbsp; 20.00 1\/2 jour de 09h00 &#8211; 12h30 12.00 1\/2 jour de 12h30 &#8211; 16h30 12.00 Une caution de CHF 50.00 sera rembours\u00e9e au retour du mat\u00e9riel en bon \u00e9tat. Sont autoris\u00e9s \u00e0 pratiquer l&rsquo;airboard : les jeunes d\u00e8s 12&hellip;<\/p>\n<p class=\"more-link-wrapper\"><a class=\"more-link\" href=\"https:\/\/telebreuleux.ch\/?page_id=477\">Read More<\/a><\/p>\n","protected":false},"author":1,"featured_media":0,"parent":0,"menu_order":0,"comment_status":"closed","ping_status":"closed","template":"","meta":{"footnotes":""},"class_list":["post-477","page","type-page","status-publish","hentry"],"_links":{"self":[{"href":"https:\/\/telebreuleux.ch\/index.php?rest_route=\/wp\/v2\/pages\/477","targetHints":{"allow":["GET"]}}],"collection":[{"href":"https:\/\/telebreuleux.ch\/index.php?rest_route=\/wp\/v2\/pages"}],"about":[{"href":"https:\/\/telebreuleux.ch\/index.php?rest_route=\/wp\/v2\/types\/page"}],"author":[{"embeddable":true,"href":"https:\/\/telebreuleux.ch\/index.php?rest_route=\/wp\/v2\/users\/1"}],"replies":[{"embeddable":true,"href":"https:\/\/telebreuleux.ch\/index.php?rest_route=%2Fwp%2Fv2%2Fcomments&post=477"}],"version-history":[{"count":4,"href":"https:\/\/telebreuleux.ch\/index.php?rest_route=\/wp\/v2\/pages\/477\/revisions"}],"predecessor-version":[{"id":808,"href":"https:\/\/telebreuleux.ch\/index.php?rest_route=\/wp\/v2\/pages\/477\/revisions\/808"}],"wp:attachment":[{"href":"https:\/\/telebreuleux.ch\/index.php?rest_route=%2Fwp%2Fv2%2Fmedia&parent=477"}],"curies":[{"name":"wp","href":"https:\/\/api.w.org\/{rel}","templated":true}]}}