{"id":479,"date":"2018-12-23T08:47:05","date_gmt":"2018-12-23T07:47:05","guid":{"rendered":"https:\/\/www.telebreuleux.ch\/?page_id=479"},"modified":"2019-01-12T09:57:36","modified_gmt":"2019-01-12T08:57:36","slug":"materiel-divers","status":"publish","type":"page","link":"https:\/\/telebreuleux.ch\/?page_id=479","title":{"rendered":"Mat\u00e9riel divers"},"content":{"rendered":"\n<p>Nous avons un certain nombre d&rsquo;articles \u00e0 louer ou pr\u00eater.<\/p>\n<p>Ne paniquez pas si vous avez oubli\u00e9 quelque chose, nos collaborateurs sauront vous aider.<\/p>\n\n\n\n<figure class=\"wp-block-image\"><img fetchpriority=\"high\" decoding=\"async\" width=\"376\" height=\"300\" src=\"https:\/\/www.telebreuleux.ch\/wp-content\/uploads\/2018\/12\/Personnage-T\u00e9l\u00e9ski-SA-Les-Breuleux-Hiver.jpg\" alt=\"\" class=\"wp-image-733\" srcset=\"https:\/\/telebreuleux.ch\/wp-content\/uploads\/2018\/12\/Personnage-T\u00e9l\u00e9ski-SA-Les-Breuleux-Hiver.jpg 376w, https:\/\/telebreuleux.ch\/wp-content\/uploads\/2018\/12\/Personnage-T\u00e9l\u00e9ski-SA-Les-Breuleux-Hiver-300x239.jpg 300w\" sizes=\"(max-width: 376px) 100vw, 376px\" \/><\/figure>\n","protected":false},"excerpt":{"rendered":"<p>Nous avons un certain nombre d&rsquo;articles \u00e0 louer ou pr\u00eater. Ne paniquez pas si vous avez oubli\u00e9 quelque chose, nos collaborateurs sauront vous aider.<\/p>\n","protected":false},"author":1,"featured_media":0,"parent":0,"menu_order":0,"comment_status":"closed","ping_status":"closed","template":"","meta":{"footnotes":""},"class_list":["post-479","page","type-page","status-publish","hentry"],"_links":{"self":[{"href":"https:\/\/telebreuleux.ch\/index.php?rest_route=\/wp\/v2\/pages\/479","targetHints":{"allow":["GET"]}}],"collection":[{"href":"https:\/\/telebreuleux.ch\/index.php?rest_route=\/wp\/v2\/pages"}],"about":[{"href":"https:\/\/telebreuleux.ch\/index.php?rest_route=\/wp\/v2\/types\/page"}],"author":[{"embeddable":true,"href":"https:\/\/telebreuleux.ch\/index.php?rest_route=\/wp\/v2\/users\/1"}],"replies":[{"embeddable":true,"href":"https:\/\/telebreuleux.ch\/index.php?rest_route=%2Fwp%2Fv2%2Fcomments&post=479"}],"version-history":[{"count":3,"href":"https:\/\/telebreuleux.ch\/index.php?rest_route=\/wp\/v2\/pages\/479\/revisions"}],"predecessor-version":[{"id":1150,"href":"https:\/\/telebreuleux.ch\/index.php?rest_route=\/wp\/v2\/pages\/479\/revisions\/1150"}],"wp:attachment":[{"href":"https:\/\/telebreuleux.ch\/index.php?rest_route=%2Fwp%2Fv2%2Fmedia&parent=479"}],"curies":[{"name":"wp","href":"https:\/\/api.w.org\/{rel}","templated":true}]}}