{"id":485,"date":"2018-12-23T08:50:53","date_gmt":"2018-12-23T07:50:53","guid":{"rendered":"https:\/\/www.telebreuleux.ch\/?page_id=485"},"modified":"2019-11-06T16:02:35","modified_gmt":"2019-11-06T15:02:35","slug":"sur-nos-pistes","status":"publish","type":"page","link":"https:\/\/telebreuleux.ch\/?page_id=485","title":{"rendered":"Sur nos pistes"},"content":{"rendered":"\t\t<div data-elementor-type=\"wp-post\" data-elementor-id=\"485\" class=\"elementor elementor-485 elementor-bc-flex-widget\">\n\t\t\t\t\t\t<section class=\"elementor-section elementor-top-section elementor-element elementor-element-b228af2 elementor-section-boxed elementor-section-height-default elementor-section-height-default\" data-id=\"b228af2\" data-element_type=\"section\" data-e-type=\"section\">\n\t\t\t\t\t\t<div class=\"elementor-container elementor-column-gap-default\">\n\t\t\t\t\t<div class=\"elementor-column elementor-col-50 elementor-top-column elementor-element elementor-element-c6e74d6\" data-id=\"c6e74d6\" data-element_type=\"column\" data-e-type=\"column\">\n\t\t\t<div class=\"elementor-widget-wrap elementor-element-populated\">\n\t\t\t\t\t\t<div class=\"elementor-element elementor-element-872618a elementor-widget elementor-widget-text-editor\" data-id=\"872618a\" data-element_type=\"widget\" data-e-type=\"widget\" data-widget_type=\"text-editor.default\">\n\t\t\t\t<div class=\"elementor-widget-container\">\n\t\t\t\t\t\t\t\t\t<p><span class=\"ff2 fc2 fs10 \"><span style=\"color: #000000;\">L&rsquo;altitude de la station de d\u00e9part est \u00e0 1070m et l&rsquo;arriv\u00e9e \u00e0 1250m.<\/span><\/span><\/p><p><span style=\"color: #000000;\">Cinq pistes balis\u00e9es et entretenues vous attendent pour d\u00e9butant<\/span><br \/><span style=\"color: #000000;\">et skieur confirm\u00e9. A proximit\u00e9 de chez vous, des installations pour toute la famille.<\/span><br \/><span style=\"color: #000000;\">Au pied des \u00e9oliennes, \u00e0 l&rsquo;arriv\u00e9e des pistes de ski nordique.<\/span><\/p><p><span style=\"color: #000000;\">Des pistes larges, bien pr\u00e9par\u00e9es et sp\u00e9cialement adapt\u00e9es au ski de famille.<\/span><br \/><span style=\"color: #000000;\">T\u00e9l\u00e9bob et Babylift pour les enfants d\u00e8s le plus jeune \u00e2ge.<\/span><\/p>\t\t\t\t\t\t\t\t<\/div>\n\t\t\t\t<\/div>\n\t\t\t\t\t<\/div>\n\t\t<\/div>\n\t\t\t\t<div class=\"elementor-column elementor-col-50 elementor-top-column elementor-element elementor-element-0dcd61c\" data-id=\"0dcd61c\" data-element_type=\"column\" data-e-type=\"column\">\n\t\t\t<div class=\"elementor-widget-wrap elementor-element-populated\">\n\t\t\t\t\t\t<div class=\"elementor-element elementor-element-71c7625 elementor-widget elementor-widget-wp-widget-metaslider_widget\" data-id=\"71c7625\" data-element_type=\"widget\" data-e-type=\"widget\" data-widget_type=\"wp-widget-metaslider_widget.default\">\n\t\t\t\t<div class=\"elementor-widget-container\">\n\t\t\t\t\t<div id=\"metaslider-id-693\" style=\"max-width: 800px;\" class=\"ml-slider-3-108-0 metaslider metaslider-flex metaslider-693 ml-slider has-dots-nav ms-theme-default\" role=\"region\" aria-label=\"Pistes\" data-height=\"600\" data-width=\"800\">\n    <div id=\"metaslider_container_693\">\n        <div id=\"metaslider_693\">\n            <ul class='slides'>\n                <li style=\"display: block; width: 100%;\" class=\"slide-695 ms-image \" aria-roledescription=\"slide\" data-date=\"2018-12-26 10:06:24\" data-filename=\"ib_p001_0_2-1-338x253.jpg\" data-slide-type=\"image\"><img fetchpriority=\"high\" decoding=\"async\" src=\"https:\/\/telebreuleux.ch\/wp-content\/uploads\/2018\/12\/ib_p001_0_2-1-338x253.jpg\" height=\"600\" width=\"800\" alt=\"\" class=\"slider-693 slide-695 msDefaultImage\" title=\"Piste Telebob &amp; Babylift\" \/><\/li>\n                <li style=\"display: none; width: 100%;\" class=\"slide-698 ms-image \" aria-roledescription=\"slide\" data-date=\"2018-12-26 10:08:46\" data-filename=\"DSC00006-800x600.jpg\" data-slide-type=\"image\"><img decoding=\"async\" src=\"https:\/\/telebreuleux.ch\/wp-content\/uploads\/2020\/02\/DSC00006-800x600.jpg\" height=\"600\" width=\"800\" alt=\"\" class=\"slider-693 slide-698 msDefaultImage\" title=\"Start\" \/><\/li>\n                <li style=\"display: none; width: 100%;\" class=\"slide-2284 ms-image \" aria-roledescription=\"slide\" data-date=\"2021-01-04 20:04:30\" data-filename=\"20210104_2-800x600.jpg\" data-slide-type=\"image\"><img decoding=\"async\" src=\"https:\/\/telebreuleux.ch\/wp-content\/uploads\/2021\/01\/20210104_2-800x600.jpg\" height=\"600\" width=\"800\" alt=\"\" class=\"slider-693 slide-2284 msDefaultImage\" title=\"20210104_2\" \/><\/li>\n                <li style=\"display: none; width: 100%;\" class=\"slide-759 ms-image \" aria-roledescription=\"slide\" data-date=\"2018-12-26 13:14:41\" data-filename=\"P1020151-800x600.jpg\" data-slide-type=\"image\"><img loading=\"lazy\" decoding=\"async\" src=\"https:\/\/telebreuleux.ch\/wp-content\/uploads\/2018\/12\/P1020151-800x600.jpg\" height=\"600\" width=\"800\" alt=\"\" class=\"slider-693 slide-759 msDefaultImage\" title=\"Pistes\" \/><\/li>\n                <li style=\"display: none; width: 100%;\" class=\"slide-761 ms-image \" aria-roledescription=\"slide\" data-date=\"2018-12-26 13:16:41\" data-filename=\"P1020158.jpg\" data-slide-type=\"image\"><img loading=\"lazy\" decoding=\"async\" src=\"https:\/\/telebreuleux.ch\/wp-content\/uploads\/2018\/12\/P1020158.jpg\" height=\"600\" width=\"800\" alt=\"\" class=\"slider-693 slide-761 msDefaultImage\" title=\"Les Breuleux\" \/><\/li>\n                <li style=\"display: none; width: 100%;\" class=\"slide-763 ms-image \" aria-roledescription=\"slide\" data-date=\"2018-12-26 13:18:57\" data-filename=\"P1020244.jpg\" data-slide-type=\"image\"><img loading=\"lazy\" decoding=\"async\" src=\"https:\/\/telebreuleux.ch\/wp-content\/uploads\/2018\/12\/P1020244.jpg\" height=\"600\" width=\"800\" alt=\"\" class=\"slider-693 slide-763 msDefaultImage\" title=\"La Jolisette\" \/><\/li>\n                <li style=\"display: none; width: 100%;\" class=\"slide-1027 ms-image \" aria-roledescription=\"slide\" data-date=\"2019-01-06 16:54:53\" data-filename=\"2014-12-28-15.32.47-800x600.jpg\" data-slide-type=\"image\"><img loading=\"lazy\" decoding=\"async\" src=\"https:\/\/telebreuleux.ch\/wp-content\/uploads\/2019\/01\/2014-12-28-15.32.47-800x600.jpg\" height=\"600\" width=\"800\" alt=\"\" class=\"slider-693 slide-1027 msDefaultImage\" title=\"La Dammeuse\" \/><\/li>\n                <li style=\"display: none; width: 100%;\" class=\"slide-2281 ms-image \" aria-roledescription=\"slide\" data-date=\"2021-01-04 20:02:23\" data-filename=\"221b46d1-b98d-4980-8d1f-4d129f8b9dbb-800x600.jpg\" data-slide-type=\"image\"><img loading=\"lazy\" decoding=\"async\" src=\"https:\/\/telebreuleux.ch\/wp-content\/uploads\/2021\/01\/221b46d1-b98d-4980-8d1f-4d129f8b9dbb-800x600.jpg\" height=\"600\" width=\"800\" alt=\"\" class=\"slider-693 slide-2281 msDefaultImage\" title=\"221b46d1-b98d-4980-8d1f-4d129f8b9dbb\" \/><\/li>\n                <li style=\"display: none; width: 100%;\" class=\"slide-2282 ms-image \" aria-roledescription=\"slide\" data-date=\"2021-01-04 20:02:42\" data-filename=\"5d81eee9-2949-4481-912c-a4217fc6a0df-800x600.jpg\" data-slide-type=\"image\"><img loading=\"lazy\" decoding=\"async\" src=\"https:\/\/telebreuleux.ch\/wp-content\/uploads\/2021\/01\/5d81eee9-2949-4481-912c-a4217fc6a0df-800x600.jpg\" height=\"600\" width=\"800\" alt=\"\" class=\"slider-693 slide-2282 msDefaultImage\" title=\"5d81eee9-2949-4481-912c-a4217fc6a0df\" \/><\/li>\n            <\/ul>\n        <\/div>\n        \n    <\/div>\n<\/div>\t\t\t\t<\/div>\n\t\t\t\t<\/div>\n\t\t\t\t\t<\/div>\n\t\t<\/div>\n\t\t\t\t\t<\/div>\n\t\t<\/section>\n\t\t\t\t<section class=\"elementor-section elementor-top-section elementor-element elementor-element-a937f0a elementor-section-boxed elementor-section-height-default elementor-section-height-default\" data-id=\"a937f0a\" data-element_type=\"section\" data-e-type=\"section\">\n\t\t\t\t\t\t<div class=\"elementor-container elementor-column-gap-default\">\n\t\t\t\t\t<div class=\"elementor-column elementor-col-100 elementor-top-column elementor-element elementor-element-dbe9255\" data-id=\"dbe9255\" data-element_type=\"column\" data-e-type=\"column\">\n\t\t\t<div class=\"elementor-widget-wrap\">\n\t\t\t\t\t\t\t<\/div>\n\t\t<\/div>\n\t\t\t\t\t<\/div>\n\t\t<\/section>\n\t\t\t\t<\/div>\n\t\t","protected":false},"excerpt":{"rendered":"<p>L&rsquo;altitude de la station de d\u00e9part est \u00e0 1070m et l&rsquo;arriv\u00e9e \u00e0 1250m. Cinq pistes balis\u00e9es et entretenues vous attendent pour d\u00e9butant et skieur confirm\u00e9. A proximit\u00e9 de chez vous, des installations pour toute la famille. Au pied des \u00e9oliennes, \u00e0 l&rsquo;arriv\u00e9e des pistes de ski nordique. Des pistes larges,&hellip;<\/p>\n<p class=\"more-link-wrapper\"><a class=\"more-link\" href=\"https:\/\/telebreuleux.ch\/?page_id=485\">Read More<\/a><\/p>\n","protected":false},"author":1,"featured_media":0,"parent":0,"menu_order":0,"comment_status":"closed","ping_status":"closed","template":"","meta":{"footnotes":""},"class_list":["post-485","page","type-page","status-publish","hentry"],"_links":{"self":[{"href":"https:\/\/telebreuleux.ch\/index.php?rest_route=\/wp\/v2\/pages\/485","targetHints":{"allow":["GET"]}}],"collection":[{"href":"https:\/\/telebreuleux.ch\/index.php?rest_route=\/wp\/v2\/pages"}],"about":[{"href":"https:\/\/telebreuleux.ch\/index.php?rest_route=\/wp\/v2\/types\/page"}],"author":[{"embeddable":true,"href":"https:\/\/telebreuleux.ch\/index.php?rest_route=\/wp\/v2\/users\/1"}],"replies":[{"embeddable":true,"href":"https:\/\/telebreuleux.ch\/index.php?rest_route=%2Fwp%2Fv2%2Fcomments&post=485"}],"version-history":[{"count":12,"href":"https:\/\/telebreuleux.ch\/index.php?rest_route=\/wp\/v2\/pages\/485\/revisions"}],"predecessor-version":[{"id":1581,"href":"https:\/\/telebreuleux.ch\/index.php?rest_route=\/wp\/v2\/pages\/485\/revisions\/1581"}],"wp:attachment":[{"href":"https:\/\/telebreuleux.ch\/index.php?rest_route=%2Fwp%2Fv2%2Fmedia&parent=485"}],"curies":[{"name":"wp","href":"https:\/\/api.w.org\/{rel}","templated":true}]}}