{"id":488,"date":"2018-12-23T08:55:14","date_gmt":"2018-12-23T07:55:14","guid":{"rendered":"https:\/\/www.telebreuleux.ch\/?page_id=488"},"modified":"2023-03-01T15:27:16","modified_gmt":"2023-03-01T14:27:16","slug":"buvette-hiver","status":"publish","type":"page","link":"https:\/\/telebreuleux.ch\/?page_id=488","title":{"rendered":"Buvette hiver"},"content":{"rendered":"\t\t<div data-elementor-type=\"wp-post\" data-elementor-id=\"488\" class=\"elementor elementor-488\">\n\t\t\t\t\t\t<section class=\"elementor-section elementor-top-section elementor-element elementor-element-a7e055e elementor-section-boxed elementor-section-height-default elementor-section-height-default\" data-id=\"a7e055e\" data-element_type=\"section\" data-e-type=\"section\">\n\t\t\t\t\t\t<div class=\"elementor-container elementor-column-gap-no\">\n\t\t\t\t\t<div class=\"elementor-column elementor-col-100 elementor-top-column elementor-element elementor-element-031d73a\" data-id=\"031d73a\" data-element_type=\"column\" data-e-type=\"column\">\n\t\t\t<div class=\"elementor-widget-wrap elementor-element-populated\">\n\t\t\t\t\t\t<section class=\"elementor-section elementor-inner-section elementor-element elementor-element-6210ed5 elementor-section-boxed elementor-section-height-default elementor-section-height-default\" data-id=\"6210ed5\" data-element_type=\"section\" data-e-type=\"section\">\n\t\t\t\t\t\t<div class=\"elementor-container elementor-column-gap-no\">\n\t\t\t\t\t<div class=\"elementor-column elementor-col-50 elementor-inner-column elementor-element elementor-element-ca2eb3e\" data-id=\"ca2eb3e\" data-element_type=\"column\" data-e-type=\"column\">\n\t\t\t<div class=\"elementor-widget-wrap elementor-element-populated\">\n\t\t\t\t\t\t<div class=\"elementor-element elementor-element-a284ba7 elementor-widget elementor-widget-text-editor\" data-id=\"a284ba7\" data-element_type=\"widget\" data-e-type=\"widget\" data-widget_type=\"text-editor.default\">\n\t\t\t\t<div class=\"elementor-widget-container\">\n\t\t\t\t\t\t\t\t\t<p><span class=\"ff2 fc0 fs12 \" style=\"color: #0000ff;\">Nous nous r\u00e9jouissons de vous accueillir dans notre magnifique buvette. Nous vous proposons une carte vari\u00e9e. Dans le cadre de l\u2019offre <a style=\"color: #0000ff;\" href=\"https:\/\/staging.telebreuleux.ch\/?page_id=492\">\u00ab\u00a0Blanche neige\u00a0\u00bb<\/a>, nous vous pr\u00e9parerons d\u2019excellents repas, \u00e9tablis avec des produits frais r\u00e9gionaux de qualit\u00e9. Tout au long de la journ\u00e9e, quelque soit votre app\u00e9tit, vous trouverez toujours de quoi satisfaire votre estomac..!<br \/><\/span><\/p><p><span style=\"color: #0000ff;\">Notre cuisini\u00e8re et son \u00e9quipe, vous accueilleront.<\/span><\/p><p><span class=\"ff2 fc0 fs12 \" style=\"color: #0000ff;\">Pour la saison d\u2019\u00e9t\u00e9, voir rubrique \u00ab\u00a0Buvette \u00e9t\u00e9\u00a0\u00bb.<\/span><\/p>\t\t\t\t\t\t\t\t<\/div>\n\t\t\t\t<\/div>\n\t\t\t\t\t<\/div>\n\t\t<\/div>\n\t\t\t\t<div class=\"elementor-column elementor-col-50 elementor-inner-column elementor-element elementor-element-c8e8adb\" data-id=\"c8e8adb\" data-element_type=\"column\" data-e-type=\"column\">\n\t\t\t<div class=\"elementor-widget-wrap elementor-element-populated\">\n\t\t\t\t\t\t<div class=\"elementor-element elementor-element-2c389fe elementor-widget elementor-widget-image\" data-id=\"2c389fe\" data-element_type=\"widget\" data-e-type=\"widget\" data-widget_type=\"image.default\">\n\t\t\t\t<div class=\"elementor-widget-container\">\n\t\t\t\t\t\t\t\t\t\t\t\t\t\t\t<img fetchpriority=\"high\" decoding=\"async\" width=\"495\" height=\"343\" src=\"https:\/\/telebreuleux.ch\/wp-content\/uploads\/2018\/12\/Photo-cuisine.jpg\" class=\"attachment-large size-large wp-image-823\" alt=\"\" srcset=\"https:\/\/telebreuleux.ch\/wp-content\/uploads\/2018\/12\/Photo-cuisine.jpg 495w, https:\/\/telebreuleux.ch\/wp-content\/uploads\/2018\/12\/Photo-cuisine-300x208.jpg 300w\" sizes=\"(max-width: 495px) 100vw, 495px\" \/>\t\t\t\t\t\t\t\t\t\t\t\t\t\t\t<\/div>\n\t\t\t\t<\/div>\n\t\t\t\t\t<\/div>\n\t\t<\/div>\n\t\t\t\t\t<\/div>\n\t\t<\/section>\n\t\t\t\t\t<\/div>\n\t\t<\/div>\n\t\t\t\t\t<\/div>\n\t\t<\/section>\n\t\t\t\t<\/div>\n\t\t","protected":false},"excerpt":{"rendered":"<p>Nous nous r\u00e9jouissons de vous accueillir dans notre magnifique buvette. Nous vous proposons une carte vari\u00e9e. Dans le cadre de l\u2019offre \u00ab\u00a0Blanche neige\u00a0\u00bb, nous vous pr\u00e9parerons d\u2019excellents repas, \u00e9tablis avec des produits frais r\u00e9gionaux de qualit\u00e9. Tout au long de la journ\u00e9e, quelque soit votre app\u00e9tit, vous trouverez toujours de&hellip;<\/p>\n<p class=\"more-link-wrapper\"><a class=\"more-link\" href=\"https:\/\/telebreuleux.ch\/?page_id=488\">Read More<\/a><\/p>\n","protected":false},"author":1,"featured_media":0,"parent":0,"menu_order":0,"comment_status":"closed","ping_status":"closed","template":"","meta":{"footnotes":""},"class_list":["post-488","page","type-page","status-publish","hentry"],"_links":{"self":[{"href":"https:\/\/telebreuleux.ch\/index.php?rest_route=\/wp\/v2\/pages\/488","targetHints":{"allow":["GET"]}}],"collection":[{"href":"https:\/\/telebreuleux.ch\/index.php?rest_route=\/wp\/v2\/pages"}],"about":[{"href":"https:\/\/telebreuleux.ch\/index.php?rest_route=\/wp\/v2\/types\/page"}],"author":[{"embeddable":true,"href":"https:\/\/telebreuleux.ch\/index.php?rest_route=\/wp\/v2\/users\/1"}],"replies":[{"embeddable":true,"href":"https:\/\/telebreuleux.ch\/index.php?rest_route=%2Fwp%2Fv2%2Fcomments&post=488"}],"version-history":[{"count":43,"href":"https:\/\/telebreuleux.ch\/index.php?rest_route=\/wp\/v2\/pages\/488\/revisions"}],"predecessor-version":[{"id":2831,"href":"https:\/\/telebreuleux.ch\/index.php?rest_route=\/wp\/v2\/pages\/488\/revisions\/2831"}],"wp:attachment":[{"href":"https:\/\/telebreuleux.ch\/index.php?rest_route=%2Fwp%2Fv2%2Fmedia&parent=488"}],"curies":[{"name":"wp","href":"https:\/\/api.w.org\/{rel}","templated":true}]}}