{"id":524,"date":"2018-12-23T10:17:44","date_gmt":"2018-12-23T09:17:44","guid":{"rendered":"https:\/\/www.telebreuleux.ch\/?page_id=524"},"modified":"2026-03-11T08:02:44","modified_gmt":"2026-03-11T07:02:44","slug":"skiunterricht","status":"publish","type":"page","link":"https:\/\/telebreuleux.ch\/?page_id=524&lang=de","title":{"rendered":"Skiunterricht"},"content":{"rendered":"<div class=\"wp-block-image\">\n<figure class=\"aligncenter size-large is-resized\"><img decoding=\"async\" src=\"https:\/\/telebreuleux.ch\/wp-content\/uploads\/2021\/12\/scandia-gnome-g3745f2f0e_1920-745x1024.png\" alt=\"\" class=\"wp-image-2562\" style=\"width:145px;height:199px\"\/><\/figure>\n<\/div>\n\n\n<p>T\u00e9l\u00e9ski les Breuleux SA bietet keine regul\u00e4ren Skikurse an. Wir haben jedoch Kontaktdaten von Personen, die Privatunterricht geben. Bitte erkundigen Sie sich an der Kasse.<\/p>\n","protected":false},"excerpt":{"rendered":"<p>T\u00e9l\u00e9ski les Breuleux SA bietet keine regul\u00e4ren Skikurse an. Wir haben jedoch Kontaktdaten von Personen, die Privatunterricht geben. Bitte erkundigen Sie sich an der Kasse.<\/p>\n","protected":false},"author":1,"featured_media":0,"parent":0,"menu_order":0,"comment_status":"closed","ping_status":"closed","template":"","meta":{"footnotes":""},"class_list":["post-524","page","type-page","status-publish","hentry"],"_links":{"self":[{"href":"https:\/\/telebreuleux.ch\/index.php?rest_route=\/wp\/v2\/pages\/524","targetHints":{"allow":["GET"]}}],"collection":[{"href":"https:\/\/telebreuleux.ch\/index.php?rest_route=\/wp\/v2\/pages"}],"about":[{"href":"https:\/\/telebreuleux.ch\/index.php?rest_route=\/wp\/v2\/types\/page"}],"author":[{"embeddable":true,"href":"https:\/\/telebreuleux.ch\/index.php?rest_route=\/wp\/v2\/users\/1"}],"replies":[{"embeddable":true,"href":"https:\/\/telebreuleux.ch\/index.php?rest_route=%2Fwp%2Fv2%2Fcomments&post=524"}],"version-history":[{"count":16,"href":"https:\/\/telebreuleux.ch\/index.php?rest_route=\/wp\/v2\/pages\/524\/revisions"}],"predecessor-version":[{"id":3649,"href":"https:\/\/telebreuleux.ch\/index.php?rest_route=\/wp\/v2\/pages\/524\/revisions\/3649"}],"wp:attachment":[{"href":"https:\/\/telebreuleux.ch\/index.php?rest_route=%2Fwp%2Fv2%2Fmedia&parent=524"}],"curies":[{"name":"wp","href":"https:\/\/api.w.org\/{rel}","templated":true}]}}