{"id":527,"date":"2018-12-23T10:19:20","date_gmt":"2018-12-23T09:19:20","guid":{"rendered":"https:\/\/www.telebreuleux.ch\/?page_id=527"},"modified":"2019-11-06T17:17:05","modified_gmt":"2019-11-06T16:17:05","slug":"ausrustungsverleih","status":"publish","type":"page","link":"https:\/\/telebreuleux.ch\/?page_id=527&lang=de","title":{"rendered":"Ausr\u00fcstungsverleih"},"content":{"rendered":"\n<p><span class=\"ff2 fc3 fs10 fi \">Sie haben die M\u00f6glichkeit\u00a0 Wintersportausr\u00fcstung bei uns zu mieten. Wir verf\u00fcgen \u00fcber 100 <\/span><span class=\"ff2 fc3 fs10 fb fi \">moderne <\/span><span class=\"ff2 fc3 fs10 fi \">Skis (Carving) mit St\u00f6cken und Schuhen ab <\/span><span class=\"ff2 fc3 fs10 fb fi \">Gr\u00f6sse 28<\/span><span class=\"ff2 fc3 fs10 fi \">.<br \/><br \/>Unser erfahrenes Personal hilft Ihnen gerne bei der optimalen Anpassung und einstellung Ihres Materials.<br \/><br \/>Weiterhin k\u00f6nnen Sie bei uns <\/span><span class=\"ff2 fc3 fs10 fb fi \">Schneeschuhe <\/span><span class=\"ff2 fc3 fs10 fi \">ausleihen.<\/span><\/p>\n<p><span class=\"ff2 fc3 fs10 fi \">Im Rahmen unseres Projektes <a href=\"https:\/\/www.telebreuleux.ch\/?page_id=530&amp;lang=de\">\u00ab\u00a0Blanche-Neige\u00a0\u00bb<\/a> bieten wir sehr attraktive Preise f\u00fcr Schulen an.<\/span><\/p>\n\n\n\n<figure class=\"wp-block-image\"><img fetchpriority=\"high\" decoding=\"async\" width=\"376\" height=\"300\" src=\"https:\/\/www.telebreuleux.ch\/wp-content\/uploads\/2018\/12\/Personnage-T\u00e9l\u00e9ski-SA-Les-Breuleux-Hiver.jpg\" alt=\"\" class=\"wp-image-733\" srcset=\"https:\/\/telebreuleux.ch\/wp-content\/uploads\/2018\/12\/Personnage-T\u00e9l\u00e9ski-SA-Les-Breuleux-Hiver.jpg 376w, https:\/\/telebreuleux.ch\/wp-content\/uploads\/2018\/12\/Personnage-T\u00e9l\u00e9ski-SA-Les-Breuleux-Hiver-300x239.jpg 300w\" sizes=\"(max-width: 376px) 100vw, 376px\" \/><\/figure>\n","protected":false},"excerpt":{"rendered":"<p>Sie haben die M\u00f6glichkeit\u00a0 Wintersportausr\u00fcstung bei uns zu mieten. Wir verf\u00fcgen \u00fcber 100 moderne Skis (Carving) mit St\u00f6cken und Schuhen ab Gr\u00f6sse 28. Unser erfahrenes Personal hilft Ihnen gerne bei der optimalen Anpassung und einstellung Ihres Materials. Weiterhin k\u00f6nnen Sie bei uns Schneeschuhe ausleihen. Im Rahmen unseres Projektes \u00ab\u00a0Blanche-Neige\u00a0\u00bb bieten&hellip;<\/p>\n<p class=\"more-link-wrapper\"><a class=\"more-link\" href=\"https:\/\/telebreuleux.ch\/?page_id=527&#038;lang=de\">Read More<\/a><\/p>\n","protected":false},"author":1,"featured_media":0,"parent":0,"menu_order":0,"comment_status":"closed","ping_status":"closed","template":"","meta":{"footnotes":""},"class_list":["post-527","page","type-page","status-publish","hentry"],"_links":{"self":[{"href":"https:\/\/telebreuleux.ch\/index.php?rest_route=\/wp\/v2\/pages\/527","targetHints":{"allow":["GET"]}}],"collection":[{"href":"https:\/\/telebreuleux.ch\/index.php?rest_route=\/wp\/v2\/pages"}],"about":[{"href":"https:\/\/telebreuleux.ch\/index.php?rest_route=\/wp\/v2\/types\/page"}],"author":[{"embeddable":true,"href":"https:\/\/telebreuleux.ch\/index.php?rest_route=\/wp\/v2\/users\/1"}],"replies":[{"embeddable":true,"href":"https:\/\/telebreuleux.ch\/index.php?rest_route=%2Fwp%2Fv2%2Fcomments&post=527"}],"version-history":[{"count":5,"href":"https:\/\/telebreuleux.ch\/index.php?rest_route=\/wp\/v2\/pages\/527\/revisions"}],"predecessor-version":[{"id":1584,"href":"https:\/\/telebreuleux.ch\/index.php?rest_route=\/wp\/v2\/pages\/527\/revisions\/1584"}],"wp:attachment":[{"href":"https:\/\/telebreuleux.ch\/index.php?rest_route=%2Fwp%2Fv2%2Fmedia&parent=527"}],"curies":[{"name":"wp","href":"https:\/\/api.w.org\/{rel}","templated":true}]}}