{"id":530,"date":"2018-12-23T10:20:26","date_gmt":"2018-12-23T09:20:26","guid":{"rendered":"https:\/\/www.telebreuleux.ch\/?page_id=530"},"modified":"2025-01-09T10:14:25","modified_gmt":"2025-01-09T09:14:25","slug":"offerten","status":"publish","type":"page","link":"https:\/\/telebreuleux.ch\/?page_id=530&lang=de","title":{"rendered":"Offerten"},"content":{"rendered":"\t\t<div data-elementor-type=\"wp-page\" data-elementor-id=\"530\" class=\"elementor elementor-530\">\n\t\t\t\t\t\t<section class=\"elementor-section elementor-top-section elementor-element elementor-element-6fb7bc9c elementor-section-boxed elementor-section-height-default elementor-section-height-default\" data-id=\"6fb7bc9c\" data-element_type=\"section\" data-e-type=\"section\">\n\t\t\t\t\t\t<div class=\"elementor-container elementor-column-gap-default\">\n\t\t\t\t\t<div class=\"elementor-column elementor-col-100 elementor-top-column elementor-element elementor-element-10f7981a\" data-id=\"10f7981a\" data-element_type=\"column\" data-e-type=\"column\">\n\t\t\t<div class=\"elementor-widget-wrap elementor-element-populated\">\n\t\t\t\t\t\t<section class=\"elementor-section elementor-inner-section elementor-element elementor-element-b64b2af elementor-section-boxed elementor-section-height-default elementor-section-height-default\" data-id=\"b64b2af\" data-element_type=\"section\" data-e-type=\"section\">\n\t\t\t\t\t\t<div class=\"elementor-container elementor-column-gap-default\">\n\t\t\t\t\t<div class=\"elementor-column elementor-col-50 elementor-inner-column elementor-element elementor-element-af68c49\" data-id=\"af68c49\" data-element_type=\"column\" data-e-type=\"column\">\n\t\t\t<div class=\"elementor-widget-wrap elementor-element-populated\">\n\t\t\t\t\t\t<div class=\"elementor-element elementor-element-0a8c021 elementor-widget__width-initial elementor-widget elementor-widget-image\" data-id=\"0a8c021\" data-element_type=\"widget\" data-e-type=\"widget\" data-widget_type=\"image.default\">\n\t\t\t\t<div class=\"elementor-widget-container\">\n\t\t\t\t\t\t\t\t\t\t\t\t\t\t\t<img fetchpriority=\"high\" decoding=\"async\" width=\"750\" height=\"637\" src=\"https:\/\/telebreuleux.ch\/wp-content\/uploads\/2025\/01\/Abo_2024_2p2-1024x870.jpg\" class=\"attachment-large size-large wp-image-3556\" alt=\"\" srcset=\"https:\/\/telebreuleux.ch\/wp-content\/uploads\/2025\/01\/Abo_2024_2p2-1024x870.jpg 1024w, https:\/\/telebreuleux.ch\/wp-content\/uploads\/2025\/01\/Abo_2024_2p2-300x255.jpg 300w, https:\/\/telebreuleux.ch\/wp-content\/uploads\/2025\/01\/Abo_2024_2p2-768x652.jpg 768w, https:\/\/telebreuleux.ch\/wp-content\/uploads\/2025\/01\/Abo_2024_2p2-1536x1304.jpg 1536w, https:\/\/telebreuleux.ch\/wp-content\/uploads\/2025\/01\/Abo_2024_2p2-2048x1739.jpg 2048w, https:\/\/telebreuleux.ch\/wp-content\/uploads\/2025\/01\/Abo_2024_2p2-1200x1019.jpg 1200w\" sizes=\"(max-width: 750px) 100vw, 750px\" \/>\t\t\t\t\t\t\t\t\t\t\t\t\t\t\t<\/div>\n\t\t\t\t<\/div>\n\t\t\t\t\t<\/div>\n\t\t<\/div>\n\t\t\t\t<div class=\"elementor-column elementor-col-50 elementor-inner-column elementor-element elementor-element-7af8ae6\" data-id=\"7af8ae6\" data-element_type=\"column\" data-e-type=\"column\">\n\t\t\t<div class=\"elementor-widget-wrap elementor-element-populated\">\n\t\t\t\t\t\t<div class=\"elementor-element elementor-element-37d750d elementor-widget__width-initial elementor-widget elementor-widget-image\" data-id=\"37d750d\" data-element_type=\"widget\" data-e-type=\"widget\" data-widget_type=\"image.default\">\n\t\t\t\t<div class=\"elementor-widget-container\">\n\t\t\t\t\t\t\t\t\t\t\t\t\t\t\t<img decoding=\"async\" width=\"750\" height=\"728\" src=\"https:\/\/telebreuleux.ch\/wp-content\/uploads\/2025\/01\/Blanche-Neige-1024x994.jpg\" class=\"attachment-large size-large wp-image-3554\" alt=\"\" srcset=\"https:\/\/telebreuleux.ch\/wp-content\/uploads\/2025\/01\/Blanche-Neige-1024x994.jpg 1024w, https:\/\/telebreuleux.ch\/wp-content\/uploads\/2025\/01\/Blanche-Neige-300x291.jpg 300w, https:\/\/telebreuleux.ch\/wp-content\/uploads\/2025\/01\/Blanche-Neige-768x746.jpg 768w, https:\/\/telebreuleux.ch\/wp-content\/uploads\/2025\/01\/Blanche-Neige-1536x1491.jpg 1536w, https:\/\/telebreuleux.ch\/wp-content\/uploads\/2025\/01\/Blanche-Neige-2048x1988.jpg 2048w, https:\/\/telebreuleux.ch\/wp-content\/uploads\/2025\/01\/Blanche-Neige-1200x1165.jpg 1200w\" sizes=\"(max-width: 750px) 100vw, 750px\" \/>\t\t\t\t\t\t\t\t\t\t\t\t\t\t\t<\/div>\n\t\t\t\t<\/div>\n\t\t\t\t\t<\/div>\n\t\t<\/div>\n\t\t\t\t\t<\/div>\n\t\t<\/section>\n\t\t\t\t<div class=\"elementor-element elementor-element-fed52b6 elementor-widget__width-initial elementor-widget elementor-widget-heading\" data-id=\"fed52b6\" data-element_type=\"widget\" data-e-type=\"widget\" data-widget_type=\"heading.default\">\n\t\t\t\t<div class=\"elementor-widget-container\">\n\t\t\t\t\t<h2 class=\"elementor-heading-title elementor-size-default\">OFFERTE \"Blanche-Neige\"<\/h2>\t\t\t\t<\/div>\n\t\t\t\t<\/div>\n\t\t\t\t<div class=\"elementor-element elementor-element-815cb04 elementor-widget elementor-widget-text-editor\" data-id=\"815cb04\" data-element_type=\"widget\" data-e-type=\"widget\" data-widget_type=\"text-editor.default\">\n\t\t\t\t<div class=\"elementor-widget-container\">\n\t\t\t\t\t\t\t\t\t<p class=\"imAlign_justify\"><span class=\"ff2 fc2 fs11 \"><span class=\"tlid-translation translation\"><span class=\"\" title=\"\">Wie \u00fcblich bieten wir unsere attraktive Formel an, einschlie\u00dflich:<\/span><\/span><\/span><\/p><p class=\"imAlign_justify\"><span class=\"ff2 fc2 fs14 fb \"><span class=\"tlid-translation translation\"><span class=\"\" title=\"\">Paket: 1-t\u00e4giges Abonnement f\u00fcr CHF 10 .\u2013 \/ Pers<\/span><\/span><\/span><\/p><p class=\"imAlign_justify\"><span class=\"ff2 fc2 fs11 \"><span class=\"tlid-translation translation\"><span class=\"\" title=\"\"><span class=\"ff2 fc2 fs14 fb \">Paket: 1\/2-t\u00e4giges Abonnement f\u00fcr CHF 10 .\u2013 \/ Pers<\/span><\/span><\/span><\/span><\/p><p class=\"imAlign_justify\"><span class=\"ff2 fc2 fs11 \"><span class=\"tlid-translation translation\"><span class=\"\" title=\"\">Wir verf\u00fcgen immer \u00fcber eine komplette und moderne Ausstattung, die vor Ort zu einem sehr interessanten Preis gemietet werden kann.<\/span><\/span> <span class=\"tlid-translation translation\"><span class=\"\" title=\"\">Wir k\u00f6nnen hundert Sch\u00fcler von 4 bis 15 Jahren, Ski, St\u00f6cke und Schuhe (Gr\u00f6\u00dfenbereich 28 bis 43) ausr\u00fcsten.<\/span><\/span><\/span><\/p><p><span class=\"ff2 fc3 fs11 fu \"><span class=\"tlid-translation translation\"><span class=\"\" title=\"\">Dieses Sonderangebot \u201eECOLES &#8211; Blanche-Neige\u201c ist nur auf Vorbestellung (siehe \u00ab\u00a0Blanche-Neige\u00a0\u00bb Formular unten) oder \u00fcber das Internet oder per E-Mail an admin@telebreuleux.ch erh\u00e4ltlich.<\/span><\/span><\/span><\/p><p class=\"imAlign_justify\"><span class=\"ff2 fc0 fs11 \"><span class=\"tlid-translation translation\"><span class=\"\" title=\"\">F\u00fcr weitere Informationen kontaktieren Sie uns bitte \u00fcber die Internet-Kontaktseite oder telefonisch unter Tel.<\/span><\/span> (+41) (<\/span><span class=\"ff2 fc0 fs12 fb \">079) 837 48 99<\/span><\/p><p><span class=\"tlid-translation translation\"><span class=\"\" title=\"\">Wir hoffen sehr, dass dieses Angebot Ihre ganze Aufmerksamkeit auf sich ziehen wird, und freuen uns, Sie in unserem Resort begr\u00fc\u00dfen zu d\u00fcrfen.<\/span><\/span><\/p>\t\t\t\t\t\t\t\t<\/div>\n\t\t\t\t<\/div>\n\t\t\t\t\t<\/div>\n\t\t<\/div>\n\t\t\t\t\t<\/div>\n\t\t<\/section>\n\t\t\t\t<section class=\"elementor-section elementor-top-section elementor-element elementor-element-ace315d elementor-section-boxed elementor-section-height-default elementor-section-height-default\" data-id=\"ace315d\" data-element_type=\"section\" data-e-type=\"section\">\n\t\t\t\t\t\t<div class=\"elementor-container elementor-column-gap-default\">\n\t\t\t\t\t\t<\/div>\n\t\t<\/section>\n\t\t\t\t<section class=\"elementor-section elementor-top-section elementor-element elementor-element-ab4f4cb elementor-section-boxed elementor-section-height-default elementor-section-height-default\" data-id=\"ab4f4cb\" data-element_type=\"section\" data-e-type=\"section\">\n\t\t\t\t\t\t<div class=\"elementor-container elementor-column-gap-default\">\n\t\t\t\t\t<div class=\"elementor-column elementor-col-100 elementor-top-column elementor-element elementor-element-9792b10\" data-id=\"9792b10\" data-element_type=\"column\" data-e-type=\"column\">\n\t\t\t<div class=\"elementor-widget-wrap elementor-element-populated\">\n\t\t\t\t\t\t<div class=\"elementor-element elementor-element-7dc0cea elementor-widget elementor-widget-text-editor\" data-id=\"7dc0cea\" data-element_type=\"widget\" data-e-type=\"widget\" data-widget_type=\"text-editor.default\">\n\t\t\t\t<div class=\"elementor-widget-container\">\n\t\t\t\t\t\t\t\t\t<p><a href=\"https:\/\/telebreuleux.ch\/wp-content\/uploads\/2025\/01\/formulaire_blanche_neige.pdf\"><span style=\"font-family: arial, helvetica, sans-serif; font-size: 12pt; color: #0000ff;\">Formulaire Blanche-Neige 2024-2025<\/span><\/a><\/p>\t\t\t\t\t\t\t\t<\/div>\n\t\t\t\t<\/div>\n\t\t\t\t\t<\/div>\n\t\t<\/div>\n\t\t\t\t<div class=\"elementor-column elementor-col-100 elementor-top-column elementor-element elementor-element-eb0cdcc\" data-id=\"eb0cdcc\" data-element_type=\"column\" data-e-type=\"column\">\n\t\t\t<div class=\"elementor-widget-wrap elementor-element-populated\">\n\t\t\t\t\t\t<div class=\"elementor-element elementor-element-1958f20 elementor-align-right elementor-widget elementor-widget-button\" data-id=\"1958f20\" data-element_type=\"widget\" data-e-type=\"widget\" data-widget_type=\"button.default\">\n\t\t\t\t<div class=\"elementor-widget-container\">\n\t\t\t\t\t\t\t\t\t<div class=\"elementor-button-wrapper\">\n\t\t\t\t\t<a class=\"elementor-button elementor-button-link elementor-size-sm\" href=\"https:\/\/telebreuleux.ch\/wp-content\/uploads\/2025\/01\/formulaire_blanche_neige.pdf\" target=\"_blank\">\n\t\t\t\t\t\t<span class=\"elementor-button-content-wrapper\">\n\t\t\t\t\t\t<span class=\"elementor-button-icon\">\n\t\t\t\t<i aria-hidden=\"true\" class=\"fas fa-download\"><\/i>\t\t\t<\/span>\n\t\t\t\t\t\t\t\t\t<span class=\"elementor-button-text\">herunterladen<\/span>\n\t\t\t\t\t<\/span>\n\t\t\t\t\t<\/a>\n\t\t\t\t<\/div>\n\t\t\t\t\t\t\t\t<\/div>\n\t\t\t\t<\/div>\n\t\t\t\t\t<\/div>\n\t\t<\/div>\n\t\t\t\t\t<\/div>\n\t\t<\/section>\n\t\t\t\t<\/div>\n\t\t","protected":false},"excerpt":{"rendered":"<p>OFFERTE \u00ab\u00a0Blanche-Neige\u00a0\u00bb Wie \u00fcblich bieten wir unsere attraktive Formel an, einschlie\u00dflich: Paket: 1-t\u00e4giges Abonnement f\u00fcr CHF 10 .\u2013 \/ Pers Paket: 1\/2-t\u00e4giges Abonnement f\u00fcr CHF 10 .\u2013 \/ Pers Wir verf\u00fcgen immer \u00fcber eine komplette und moderne Ausstattung, die vor Ort zu einem sehr interessanten Preis gemietet werden kann. Wir&hellip;<\/p>\n<p class=\"more-link-wrapper\"><a class=\"more-link\" href=\"https:\/\/telebreuleux.ch\/?page_id=530&#038;lang=de\">Read More<\/a><\/p>\n","protected":false},"author":1,"featured_media":0,"parent":0,"menu_order":0,"comment_status":"closed","ping_status":"closed","template":"","meta":{"footnotes":""},"class_list":["post-530","page","type-page","status-publish","hentry"],"_links":{"self":[{"href":"https:\/\/telebreuleux.ch\/index.php?rest_route=\/wp\/v2\/pages\/530","targetHints":{"allow":["GET"]}}],"collection":[{"href":"https:\/\/telebreuleux.ch\/index.php?rest_route=\/wp\/v2\/pages"}],"about":[{"href":"https:\/\/telebreuleux.ch\/index.php?rest_route=\/wp\/v2\/types\/page"}],"author":[{"embeddable":true,"href":"https:\/\/telebreuleux.ch\/index.php?rest_route=\/wp\/v2\/users\/1"}],"replies":[{"embeddable":true,"href":"https:\/\/telebreuleux.ch\/index.php?rest_route=%2Fwp%2Fv2%2Fcomments&post=530"}],"version-history":[{"count":82,"href":"https:\/\/telebreuleux.ch\/index.php?rest_route=\/wp\/v2\/pages\/530\/revisions"}],"predecessor-version":[{"id":3565,"href":"https:\/\/telebreuleux.ch\/index.php?rest_route=\/wp\/v2\/pages\/530\/revisions\/3565"}],"wp:attachment":[{"href":"https:\/\/telebreuleux.ch\/index.php?rest_route=%2Fwp%2Fv2%2Fmedia&parent=530"}],"curies":[{"name":"wp","href":"https:\/\/api.w.org\/{rel}","templated":true}]}}