{"id":724,"date":"2018-12-26T11:05:04","date_gmt":"2018-12-26T10:05:04","guid":{"rendered":"https:\/\/www.telebreuleux.ch\/?page_id=724"},"modified":"2021-01-24T10:27:02","modified_gmt":"2021-01-24T09:27:02","slug":"tarifs_new","status":"publish","type":"page","link":"https:\/\/telebreuleux.ch\/?page_id=724","title":{"rendered":"Tarifs"},"content":{"rendered":"\t\t<div data-elementor-type=\"wp-post\" data-elementor-id=\"724\" class=\"elementor elementor-724\">\n\t\t\t\t\t\t<section class=\"elementor-section elementor-top-section elementor-element elementor-element-0219196 elementor-section-boxed elementor-section-height-default elementor-section-height-default\" data-id=\"0219196\" data-element_type=\"section\" data-e-type=\"section\">\n\t\t\t\t\t\t<div class=\"elementor-container elementor-column-gap-no\">\n\t\t\t\t\t<div class=\"elementor-column elementor-col-100 elementor-top-column elementor-element elementor-element-0dc542a\" data-id=\"0dc542a\" data-element_type=\"column\" data-e-type=\"column\">\n\t\t\t<div class=\"elementor-widget-wrap elementor-element-populated\">\n\t\t\t\t\t\t<section class=\"elementor-section elementor-inner-section elementor-element elementor-element-5756c6f elementor-section-boxed elementor-section-height-default elementor-section-height-default\" data-id=\"5756c6f\" data-element_type=\"section\" data-e-type=\"section\">\n\t\t\t\t\t\t<div class=\"elementor-container elementor-column-gap-no\">\n\t\t\t\t\t<div class=\"elementor-column elementor-col-50 elementor-inner-column elementor-element elementor-element-08b2d55\" data-id=\"08b2d55\" data-element_type=\"column\" data-e-type=\"column\">\n\t\t\t<div class=\"elementor-widget-wrap elementor-element-populated\">\n\t\t\t\t\t\t<div class=\"elementor-element elementor-element-61394f2 elementor-widget elementor-widget-text-editor\" data-id=\"61394f2\" data-element_type=\"widget\" data-e-type=\"widget\" data-widget_type=\"text-editor.default\">\n\t\t\t\t<div class=\"elementor-widget-container\">\n\t\t\t\t\t\t\t\t\t<h2><span style=\"color: #000000;\">Tarifs<br \/><\/span><\/h2>\t\t\t\t\t\t\t\t<\/div>\n\t\t\t\t<\/div>\n\t\t\t\t<div class=\"elementor-element elementor-element-6267c80 elementor-widget elementor-widget-text-editor\" data-id=\"6267c80\" data-element_type=\"widget\" data-e-type=\"widget\" data-widget_type=\"text-editor.default\">\n\t\t\t\t<div class=\"elementor-widget-container\">\n\t\t\t\t\t\t\t\t\t<p><\/p>\n<table>\n<tbody>\n<tr>\n<td style=\"background-color: #90f5cb;\"><span style=\"color: #000000;\">Mont\u00e9e simple<\/span><\/td>\n<td style=\"background-color: #90f5cb;\"><span style=\"color: #000000;\">Adulte<\/span><\/td>\n<td style=\"background-color: #90f5cb; text-align: right;\"><span style=\"color: #000000;\">3.50<\/span><\/td>\n<\/tr>\n<tr>\n<td style=\"background-color: #90f5cb;\">\u00a0<\/td>\n<td style=\"background-color: #90f5cb;\"><span style=\"color: #000000;\">Enfant (jusqu&rsquo;\u00e0 16 ans)<\/span><\/td>\n<td style=\"background-color: #90f5cb; text-align: right;\"><span style=\"color: #000000;\">2.50<\/span><\/td>\n<\/tr>\n<tr>\n<td>\u00a0<\/td>\n<td>\u00a0<\/td>\n<td>\u00a0<\/td>\n<\/tr>\n<tr>\n<td style=\"background-color: #92f7f7;\"><span style=\"color: #000000;\">Carte journali\u00e8re<\/span><\/td>\n<td style=\"background-color: #92f7f7;\"><span style=\"color: #000000;\">Adulte<\/span><\/td>\n<td style=\"background-color: #92f7f7; text-align: right;\"><span style=\"color: #000000;\">24.00<\/span><\/td>\n<\/tr>\n<tr>\n<td style=\"background-color: #92f7f7;\">\u00a0<\/td>\n<td style=\"background-color: #92f7f7;\"><span style=\"color: #000000;\">Enfant (jusqu&rsquo;\u00e0 16 ans)<\/span><\/td>\n<td style=\"background-color: #92f7f7; text-align: right;\"><span style=\"color: #000000;\">15.00<\/span><\/td>\n<\/tr>\n<tr>\n<td>\u00a0<\/td>\n<td>\u00a0<\/td>\n<td>\u00a0<\/td>\n<\/tr>\n<tr>\n<td style=\"background-color: #faf098;\"><span style=\"color: #000000;\">Carte demi journali\u00e8re<\/span><\/td>\n<td style=\"background-color: #faf098;\"><span style=\"color: #000000;\">Adulte<\/span><\/td>\n<td style=\"background-color: #faf098; text-align: right;\"><span style=\"color: #000000;\">17.00<\/span><\/td>\n<\/tr>\n<tr>\n<td style=\"background-color: #faf098;\">\u00a0<\/td>\n<td style=\"background-color: #faf098;\"><span style=\"color: #000000;\">Enfant (jusqu&rsquo;\u00e0 16 ans)<\/span><\/td>\n<td style=\"background-color: #faf098; text-align: right;\"><span style=\"color: #000000;\">12.00<\/span><\/td>\n<\/tr>\n<tr>\n<td>\u00a0<\/td>\n<td>\u00a0<\/td>\n<td>\u00a0<\/td>\n<\/tr>\n<tr>\n<td style=\"background-color: #9df78d;\"><span style=\"color: #000000;\">T\u00e9l\u00e9bob ou Babylift 1)<\/span><\/td>\n<td style=\"background-color: #9df78d;\"><span style=\"color: #000000;\">Journ\u00e9e<\/span><\/td>\n<td style=\"background-color: #9df78d; text-align: right;\"><span style=\"color: #000000;\">12.00<\/span><\/td>\n<\/tr>\n<tr>\n<td style=\"background-color: #9df78d;\">\u00a0<\/td>\n<td style=\"background-color: #9df78d;\"><span style=\"color: #000000;\">Demi-Journ\u00e9e<\/span><\/td>\n<td style=\"background-color: #9df78d; text-align: right;\"><span style=\"color: #000000;\">8.00<\/span><\/td>\n<\/tr>\n<tr>\n<td>\u00a0<\/td>\n<td>\u00a0<\/td>\n<td>\u00a0<\/td>\n<\/tr>\n<tr>\n<td style=\"background-color: #fafab1;\"><span style=\"color: #000000;\">Abonnement de saison<\/span><\/td>\n<td style=\"background-color: #fafab1;\"><span style=\"color: #000000;\">Adulte<\/span><\/td>\n<td style=\"background-color: #fafab1; text-align: right;\"><span style=\"color: #000000;\">179.00<\/span><\/td>\n<\/tr>\n<tr>\n<td style=\"background-color: #fafab1;\">\u00a0<\/td>\n<td style=\"background-color: #fafab1;\"><span style=\"color: #000000;\">Etudiant<\/span><\/td>\n<td style=\"background-color: #fafab1; text-align: right;\"><span style=\"color: #000000;\">149.00<\/span><\/td>\n<\/tr>\n<tr>\n<td style=\"background-color: #fafab1;\">\u00a0<\/td>\n<td style=\"background-color: #fafab1;\"><span style=\"color: #000000;\">Enfant<\/span><\/td>\n<td style=\"background-color: #fafab1; text-align: right;\"><span style=\"color: #000000;\">89.00<\/span><\/td>\n<\/tr>\n<tr>\n<td>\u00a0<\/td>\n<td>\u00a0<\/td>\n<td>\u00a0<\/td>\n<\/tr>\n<tr>\n<td style=\"background-color: #fab9b9;\"><span style=\"color: #000000;\">Ecole<\/span><\/td>\n<td style=\"background-color: #fab9b9;\"><span style=\"color: #000000;\">Journ\u00e9e<\/span><\/td>\n<td style=\"background-color: #fab9b9; text-align: right;\"><span style=\"color: #000000;\">10.00<\/span><\/td>\n<\/tr>\n<tr>\n<td style=\"background-color: #fab9b9;\">\u00a0<\/td>\n<td style=\"background-color: #fab9b9;\"><span style=\"color: #000000;\">Demi journ\u00e9e<\/span><\/td>\n<td style=\"background-color: #fab9b9; text-align: right;\"><span style=\"color: #000000;\">8.00<\/span><\/td>\n<\/tr>\n<tr>\n<td style=\"background-color: #fab9b9;\">\u00a0<\/td>\n<td style=\"background-color: #fab9b9;\"><span style=\"color: #000000;\">Offre \u00ab\u00a0Blanche-Neige\u00a0\u00bb<\/span><\/td>\n<td style=\"background-color: #fab9b9; text-align: right;\"><span style=\"color: #000000;\">16.00<\/span><\/td>\n<\/tr>\n<\/tbody>\n<\/table>\n<p><span style=\"color: #ff0000;\"><strong>Enfants, gratuits jusqu&rsquo;\u00e0 7 ans.<\/strong><\/span><\/p>\n<p><\/p>\n<table style=\"height: 42px;\">\n<tbody>\n<tr style=\"height: 21px;\">\n<td style=\"background-color: #caf58e; height: 21px; width: 298.733px;\"><span style=\"color: #000000;\">Airboard, location du mat\u00e9riel 2)<br \/><\/span><\/td>\n<td style=\"background-color: #caf58e; height: 21px; width: 142.35px;\"><span style=\"color: #000000;\">Journ\u00e9e<\/span><\/td>\n<td style=\"background-color: #caf58e; height: 21px; width: 63.9167px; text-align: right;\"><span style=\"color: #000000;\">12.00<\/span><\/td>\n<\/tr>\n<tr style=\"height: 21px;\">\n<td style=\"background-color: #caf58e; height: 21px; width: 298.733px;\">\u00a0<\/td>\n<td style=\"background-color: #caf58e; height: 21px; width: 142.35px;\"><span style=\"color: #000000;\">Demi journ\u00e9e<\/span><\/td>\n<td style=\"background-color: #caf58e; height: 21px; width: 63.9167px; text-align: right;\"><span style=\"color: #000000;\">8.00<\/span><\/td>\n<\/tr>\n<\/tbody>\n<\/table>\n<table>\n<tbody>\n<tr style=\"height: 21px;\">\n<td style=\"background-color: #f73636; height: 21px; width: 94.0167px;\"><span style=\"color: #000000;\"><strong>Airboard<\/strong><\/span><\/td>\n<td style=\"background-color: #f73636; height: 21px; width: 435.983px;\"><span style=\"color: #000000;\"><strong>d\u00e8s 12 ans r\u00e9volus et accompagn\u00e9 d&rsquo;un adulte<\/strong><\/span><\/td>\n<\/tr>\n<tr style=\"height: 21px;\">\n<td style=\"background-color: #f73636; height: 21px; width: 94.0167px;\">\u00a0<\/td>\n<td style=\"background-color: #f73636; height: 21px; width: 435.983px;\"><span style=\"color: #000000;\"><strong>d\u00e8s 16 ans r\u00e9volus seul<\/strong><\/span><\/td>\n<\/tr>\n<\/tbody>\n<\/table>\n<p><\/p>\n<p><\/p>\t\t\t\t\t\t\t\t<\/div>\n\t\t\t\t<\/div>\n\t\t\t\t<div class=\"elementor-element elementor-element-52c9ce8 elementor-widget elementor-widget-text-editor\" data-id=\"52c9ce8\" data-element_type=\"widget\" data-e-type=\"widget\" data-widget_type=\"text-editor.default\">\n\t\t\t\t<div class=\"elementor-widget-container\">\n\t\t\t\t\t\t\t\t\t<p><span style=\"color: #3366ff;\"><strong>1) Lors de la location d&rsquo;une poign\u00e9e \u00ab\u00a0T\u00e9l\u00e9bob\u00a0\u00bb, une caution de Fr.10.00 est per\u00e7ue. Elle sera restitu\u00e9e au retour de ladite poign\u00e9e.<\/strong><\/span><\/p>\n<p><span style=\"color: #000000;\"><!-- \/wp:tadv\/classic-paragraph --><!-- wp:tadv\/classic-paragraph --><\/span><\/p>\n<p><span style=\"color: #ff0000;\"><strong>2) Lors de la location d&rsquo;un airboard, une pi\u00e8ce d&rsquo;identit\u00e9 ou une caution de Fr.50.00 est per\u00e7ue. Elle sera restitu\u00e9e au retour de l&rsquo;airboard.<\/strong><\/span><\/p>\n<p><span style=\"color: #000000;\"><!-- \/wp:tadv\/classic-paragraph --><!-- wp:heading --><\/span><\/p>\n<p><span style=\"color: #000000;\"><!-- \/wp:heading --><!-- wp:tadv\/classic-paragraph --><\/span><\/p>\n<p><span style=\"color: #000000;\"><!-- \/wp:tadv\/classic-paragraph --><!-- wp:tadv\/classic-paragraph --><\/span><\/p>\t\t\t\t\t\t\t\t<\/div>\n\t\t\t\t<\/div>\n\t\t\t\t\t<\/div>\n\t\t<\/div>\n\t\t\t\t<div class=\"elementor-column elementor-col-50 elementor-inner-column elementor-element elementor-element-871fba5\" data-id=\"871fba5\" data-element_type=\"column\" data-e-type=\"column\">\n\t\t\t<div class=\"elementor-widget-wrap elementor-element-populated\">\n\t\t\t\t\t\t<div class=\"elementor-element elementor-element-4fcde32 elementor-widget elementor-widget-text-editor\" data-id=\"4fcde32\" data-element_type=\"widget\" data-e-type=\"widget\" data-widget_type=\"text-editor.default\">\n\t\t\t\t<div class=\"elementor-widget-container\">\n\t\t\t\t\t\t\t\t\t<h2>R\u00e9ductions pour familles<\/h2>\t\t\t\t\t\t\t\t<\/div>\n\t\t\t\t<\/div>\n\t\t\t\t<div class=\"elementor-element elementor-element-c7bd00f elementor-widget elementor-widget-text-editor\" data-id=\"c7bd00f\" data-element_type=\"widget\" data-e-type=\"widget\" data-widget_type=\"text-editor.default\">\n\t\t\t\t<div class=\"elementor-widget-container\">\n\t\t\t\t\t\t\t\t\t<table>\n<tbody>\n<tr>\n<td><span style=\"color: #800080;\">1 adulte\u00a0\u00a0 + 3 enfants<\/span><\/td>\n<td><span style=\"color: #800080;\">= 1 enfant gratuit<\/span><\/td>\n<\/tr>\n<tr>\n<td><span style=\"color: #800080;\">2 adultes + 2 enfants<\/span><\/td>\n<td><span style=\"color: #800080;\">\u00a0= 1 enfant gratuit<\/span><\/td>\n<\/tr>\n<tr>\n<td><span style=\"color: #800080;\">2 adultes + 3 enfants<\/span><\/td>\n<td><span style=\"color: #800080;\">\u00a0= 1 enfant gratuit<\/span><\/td>\n<\/tr>\n<tr>\n<td><span style=\"color: #800080;\">2 adultes + 4 enfants <\/span><\/td>\n<td><span style=\"color: #800080;\">= 2 enfants gratuits<\/span><\/td>\n<\/tr>\n<\/tbody>\n<\/table>\t\t\t\t\t\t\t\t<\/div>\n\t\t\t\t<\/div>\n\t\t\t\t<div class=\"elementor-element elementor-element-f45f077 elementor-widget-divider--view-line elementor-widget elementor-widget-divider\" data-id=\"f45f077\" data-element_type=\"widget\" data-e-type=\"widget\" data-widget_type=\"divider.default\">\n\t\t\t\t<div class=\"elementor-widget-container\">\n\t\t\t\t\t\t\t<div class=\"elementor-divider\">\n\t\t\t<span class=\"elementor-divider-separator\">\n\t\t\t\t\t\t<\/span>\n\t\t<\/div>\n\t\t\t\t\t\t<\/div>\n\t\t\t\t<\/div>\n\t\t\t\t<div class=\"elementor-element elementor-element-e047b72 elementor-widget elementor-widget-image\" data-id=\"e047b72\" data-element_type=\"widget\" data-e-type=\"widget\" data-widget_type=\"image.default\">\n\t\t\t\t<div class=\"elementor-widget-container\">\n\t\t\t\t\t\t\t\t\t\t\t\t\t\t\t<img fetchpriority=\"high\" decoding=\"async\" width=\"376\" height=\"300\" src=\"https:\/\/telebreuleux.ch\/wp-content\/uploads\/2018\/12\/Personnage-T\u00e9l\u00e9ski-SA-Les-Breuleux-Hiver.jpg\" class=\"attachment-large size-large wp-image-733\" alt=\"\" srcset=\"https:\/\/telebreuleux.ch\/wp-content\/uploads\/2018\/12\/Personnage-T\u00e9l\u00e9ski-SA-Les-Breuleux-Hiver.jpg 376w, https:\/\/telebreuleux.ch\/wp-content\/uploads\/2018\/12\/Personnage-T\u00e9l\u00e9ski-SA-Les-Breuleux-Hiver-300x239.jpg 300w\" sizes=\"(max-width: 376px) 100vw, 376px\" \/>\t\t\t\t\t\t\t\t\t\t\t\t\t\t\t<\/div>\n\t\t\t\t<\/div>\n\t\t\t\t<div class=\"elementor-element elementor-element-bdafaf0 elementor-position-left elementor-vertical-align-top elementor-widget elementor-widget-image-box\" data-id=\"bdafaf0\" data-element_type=\"widget\" data-e-type=\"widget\" data-widget_type=\"image-box.default\">\n\t\t\t\t<div class=\"elementor-widget-container\">\n\t\t\t\t\t<div class=\"elementor-image-box-wrapper\"><figure class=\"elementor-image-box-img\"><img decoding=\"async\" width=\"540\" height=\"270\" src=\"https:\/\/telebreuleux.ch\/wp-content\/uploads\/2020\/12\/twint.png\" class=\"attachment-full size-full wp-image-2143\" alt=\"\" srcset=\"https:\/\/telebreuleux.ch\/wp-content\/uploads\/2020\/12\/twint.png 540w, https:\/\/telebreuleux.ch\/wp-content\/uploads\/2020\/12\/twint-300x150.png 300w\" sizes=\"(max-width: 540px) 100vw, 540px\" \/><\/figure><div class=\"elementor-image-box-content\"><h3 class=\"elementor-image-box-title\">NOUVEAU !<\/h3><p class=\"elementor-image-box-description\">Vous pouvez payer avec TWINT.<\/p><\/div><\/div>\t\t\t\t<\/div>\n\t\t\t\t<\/div>\n\t\t\t\t\t<\/div>\n\t\t<\/div>\n\t\t\t\t\t<\/div>\n\t\t<\/section>\n\t\t\t\t\t<\/div>\n\t\t<\/div>\n\t\t\t\t\t<\/div>\n\t\t<\/section>\n\t\t\t\t<\/div>\n\t\t","protected":false},"excerpt":{"rendered":"<p>Tarifs Mont\u00e9e simple Adulte 3.50 \u00a0 Enfant (jusqu&rsquo;\u00e0 16 ans) 2.50 \u00a0 \u00a0 \u00a0 Carte journali\u00e8re Adulte 24.00 \u00a0 Enfant (jusqu&rsquo;\u00e0 16 ans) 15.00 \u00a0 \u00a0 \u00a0 Carte demi journali\u00e8re Adulte 17.00 \u00a0 Enfant (jusqu&rsquo;\u00e0 16 ans) 12.00 \u00a0 \u00a0 \u00a0 T\u00e9l\u00e9bob ou Babylift 1) Journ\u00e9e 12.00 \u00a0 Demi-Journ\u00e9e 8.00&hellip;<\/p>\n<p class=\"more-link-wrapper\"><a class=\"more-link\" href=\"https:\/\/telebreuleux.ch\/?page_id=724\">Read More<\/a><\/p>\n","protected":false},"author":1,"featured_media":0,"parent":0,"menu_order":0,"comment_status":"closed","ping_status":"closed","template":"","meta":{"footnotes":""},"class_list":["post-724","page","type-page","status-publish","hentry"],"_links":{"self":[{"href":"https:\/\/telebreuleux.ch\/index.php?rest_route=\/wp\/v2\/pages\/724","targetHints":{"allow":["GET"]}}],"collection":[{"href":"https:\/\/telebreuleux.ch\/index.php?rest_route=\/wp\/v2\/pages"}],"about":[{"href":"https:\/\/telebreuleux.ch\/index.php?rest_route=\/wp\/v2\/types\/page"}],"author":[{"embeddable":true,"href":"https:\/\/telebreuleux.ch\/index.php?rest_route=\/wp\/v2\/users\/1"}],"replies":[{"embeddable":true,"href":"https:\/\/telebreuleux.ch\/index.php?rest_route=%2Fwp%2Fv2%2Fcomments&post=724"}],"version-history":[{"count":46,"href":"https:\/\/telebreuleux.ch\/index.php?rest_route=\/wp\/v2\/pages\/724\/revisions"}],"predecessor-version":[{"id":2451,"href":"https:\/\/telebreuleux.ch\/index.php?rest_route=\/wp\/v2\/pages\/724\/revisions\/2451"}],"wp:attachment":[{"href":"https:\/\/telebreuleux.ch\/index.php?rest_route=%2Fwp%2Fv2%2Fmedia&parent=724"}],"curies":[{"name":"wp","href":"https:\/\/api.w.org\/{rel}","templated":true}]}}