{"id":776,"date":"2018-12-26T13:36:16","date_gmt":"2018-12-26T12:36:16","guid":{"rendered":"https:\/\/www.telebreuleux.ch\/?page_id=776"},"modified":"2018-12-26T13:38:02","modified_gmt":"2018-12-26T12:38:02","slug":"emploi","status":"publish","type":"page","link":"https:\/\/telebreuleux.ch\/?page_id=776","title":{"rendered":"Emploi"},"content":{"rendered":"\n<p>Actuellement, pas de place \u00e0 repourvoir.<\/p>\n<p>Nous engageons du personnel durant la p\u00e9riode d&rsquo;exploitation.<\/p>\n<p>Veuillez faire part de votre int\u00e9r\u00eat \u00e0 l&rsquo;administration.<\/p>\n","protected":false},"excerpt":{"rendered":"<p>Actuellement, pas de place \u00e0 repourvoir. Nous engageons du personnel durant la p\u00e9riode d&rsquo;exploitation. Veuillez faire part de votre int\u00e9r\u00eat \u00e0 l&rsquo;administration.<\/p>\n","protected":false},"author":1,"featured_media":0,"parent":0,"menu_order":0,"comment_status":"closed","ping_status":"closed","template":"","meta":{"footnotes":""},"class_list":["post-776","page","type-page","status-publish","hentry"],"_links":{"self":[{"href":"https:\/\/telebreuleux.ch\/index.php?rest_route=\/wp\/v2\/pages\/776","targetHints":{"allow":["GET"]}}],"collection":[{"href":"https:\/\/telebreuleux.ch\/index.php?rest_route=\/wp\/v2\/pages"}],"about":[{"href":"https:\/\/telebreuleux.ch\/index.php?rest_route=\/wp\/v2\/types\/page"}],"author":[{"embeddable":true,"href":"https:\/\/telebreuleux.ch\/index.php?rest_route=\/wp\/v2\/users\/1"}],"replies":[{"embeddable":true,"href":"https:\/\/telebreuleux.ch\/index.php?rest_route=%2Fwp%2Fv2%2Fcomments&post=776"}],"version-history":[{"count":2,"href":"https:\/\/telebreuleux.ch\/index.php?rest_route=\/wp\/v2\/pages\/776\/revisions"}],"predecessor-version":[{"id":780,"href":"https:\/\/telebreuleux.ch\/index.php?rest_route=\/wp\/v2\/pages\/776\/revisions\/780"}],"wp:attachment":[{"href":"https:\/\/telebreuleux.ch\/index.php?rest_route=%2Fwp%2Fv2%2Fmedia&parent=776"}],"curies":[{"name":"wp","href":"https:\/\/api.w.org\/{rel}","templated":true}]}}