{"id":785,"date":"2018-12-26T13:43:05","date_gmt":"2018-12-26T12:43:05","guid":{"rendered":"https:\/\/www.telebreuleux.ch\/?page_id=785"},"modified":"2019-12-02T14:40:08","modified_gmt":"2019-12-02T13:40:08","slug":"liens","status":"publish","type":"page","link":"https:\/\/telebreuleux.ch\/?page_id=785","title":{"rendered":"Liens"},"content":{"rendered":"\n<ul class=\"imBullet\">\n<li class=\"imAlign_left\"><span class=\"ff3 fc4 fs10 fb fi \"><a class=\"ImLink\" title=\"\" href=\"https:\/\/www.breuleux.ch\/\"> Site officiel Commune Les Breuleux<\/a><\/span><\/li>\n<li class=\"imAlign_left\"><span class=\"ff3 fc4 fs10 fb fi \"><a class=\"ImLink\" title=\"\" href=\"http:\/\/www.franchesmontagnes.ch\/\"> Site Syndicat d&rsquo;Initiative des Franches-Montagnes<\/a><\/span><\/li>\n<li class=\"imAlign_left\"><span class=\"ff3 fc4 fs10 fb fi \"><a class=\"ImLink\" title=\"\" href=\"http:\/\/www.juratourisme.ch\/intro.php\"> Site de Jura Tourisme<\/a><\/span><\/li>\n<li class=\"imAlign_left\"><span class=\"ff3 fc4 fs10 fb fi \"><a class=\"ImLink\" title=\"\" href=\"http:\/\/www.telegenevez.ch\/index.php\"> Site Officiel T\u00e9l\u00e9ski Les Genevez<\/a><\/span><\/li>\n<li class=\"imAlign_left\"><a href=\"https:\/\/www.teleski-tramelan.ch\/\"><span class=\"ff3 fc4 fs10 fb fi \"> Site Offici<\/span><span class=\"ff3 fc4 fs10 fb fi fu \">el T\u00e9l\u00e9ski Tramelan<\/span><\/a><\/li>\n<li><a href=\"https:\/\/sdeb-breuleux.ch\/\">Soci\u00e9t\u00e9 de d\u00e9veloppement et d&#8217;embellissement des Breuleux<\/a><\/li>\n<\/ul>\n","protected":false},"excerpt":{"rendered":"<p>Site officiel Commune Les Breuleux Site Syndicat d&rsquo;Initiative des Franches-Montagnes Site de Jura Tourisme Site Officiel T\u00e9l\u00e9ski Les Genevez Site Officiel T\u00e9l\u00e9ski Tramelan Soci\u00e9t\u00e9 de d\u00e9veloppement et d&#8217;embellissement des Breuleux<\/p>\n","protected":false},"author":1,"featured_media":0,"parent":0,"menu_order":0,"comment_status":"closed","ping_status":"closed","template":"","meta":{"footnotes":""},"class_list":["post-785","page","type-page","status-publish","hentry"],"_links":{"self":[{"href":"https:\/\/telebreuleux.ch\/index.php?rest_route=\/wp\/v2\/pages\/785","targetHints":{"allow":["GET"]}}],"collection":[{"href":"https:\/\/telebreuleux.ch\/index.php?rest_route=\/wp\/v2\/pages"}],"about":[{"href":"https:\/\/telebreuleux.ch\/index.php?rest_route=\/wp\/v2\/types\/page"}],"author":[{"embeddable":true,"href":"https:\/\/telebreuleux.ch\/index.php?rest_route=\/wp\/v2\/users\/1"}],"replies":[{"embeddable":true,"href":"https:\/\/telebreuleux.ch\/index.php?rest_route=%2Fwp%2Fv2%2Fcomments&post=785"}],"version-history":[{"count":3,"href":"https:\/\/telebreuleux.ch\/index.php?rest_route=\/wp\/v2\/pages\/785\/revisions"}],"predecessor-version":[{"id":1638,"href":"https:\/\/telebreuleux.ch\/index.php?rest_route=\/wp\/v2\/pages\/785\/revisions\/1638"}],"wp:attachment":[{"href":"https:\/\/telebreuleux.ch\/index.php?rest_route=%2Fwp%2Fv2%2Fmedia&parent=785"}],"curies":[{"name":"wp","href":"https:\/\/api.w.org\/{rel}","templated":true}]}}